{"id":67,"date":"2020-02-13T11:10:56","date_gmt":"2020-02-13T10:10:56","guid":{"rendered":"http:\/\/www.smartriver.imei.uz.zgora.pl\/?page_id=67"},"modified":"2023-03-13T11:52:11","modified_gmt":"2023-03-13T10:52:11","slug":"geschehen","status":"publish","type":"page","link":"http:\/\/www.smartriver.uz.zgora.pl\/?page_id=67&lang=de","title":{"rendered":"Events de"},"content":{"rendered":"\n<figure class=\"wp-block-image size-large\"><img loading=\"lazy\" width=\"1024\" height=\"222\" src=\"http:\/\/www.smartriver.uz.zgora.pl\/wp-content\/uploads\/2021\/01\/intereg-1-1024x222.png\" alt=\"\" class=\"wp-image-146\" srcset=\"http:\/\/www.smartriver.uz.zgora.pl\/wp-content\/uploads\/2021\/01\/intereg-1-1024x222.png 1024w, http:\/\/www.smartriver.uz.zgora.pl\/wp-content\/uploads\/2021\/01\/intereg-1-300x65.png 300w, http:\/\/www.smartriver.uz.zgora.pl\/wp-content\/uploads\/2021\/01\/intereg-1-768x167.png 768w, http:\/\/www.smartriver.uz.zgora.pl\/wp-content\/uploads\/2021\/01\/intereg-1.png 1042w\" sizes=\"(max-width: 1024px) 100vw, 1024px\" \/><\/figure>\n\n\n\n<h2>Events<\/h2>\n\n\n\n<p>Beschreibung der Ereignisse<\/p>\n\n\n\n<hr class=\"wp-block-separator has-text-color has-dark-gray-color has-alpha-channel-opacity has-dark-gray-background-color has-background is-style-wide\"\/>\n\n\n\n<p><strong>Der zweite Deutsch &#8211; Polnische Workshop<\/strong><\/p>\n\n\n\n<div class=\"wp-container-3 wp-block-columns\">\n<div class=\"wp-container-1 wp-block-column is-vertically-aligned-top\" style=\"flex-basis:33.33%\">\n<figure class=\"wp-block-image size-full is-resized\"><img loading=\"lazy\" src=\"http:\/\/www.smartriver.uz.zgora.pl\/wp-content\/uploads\/2022\/10\/workshop.jpg\" alt=\"\" class=\"wp-image-420\" width=\"146\" height=\"136\" srcset=\"http:\/\/www.smartriver.uz.zgora.pl\/wp-content\/uploads\/2022\/10\/workshop.jpg 574w, http:\/\/www.smartriver.uz.zgora.pl\/wp-content\/uploads\/2022\/10\/workshop-300x280.jpg 300w\" sizes=\"(max-width: 146px) 100vw, 146px\" \/><\/figure>\n<\/div>\n\n\n\n<div class=\"wp-container-2 wp-block-column\" style=\"flex-basis:66.66%\">\n<p>Wir m\u00f6chten Sie dar\u00fcber informieren, dass am 22. M\u00e4rz 2023 von 10:00 bis 15:00 Uhr der zweite Workshop &#8220;SmartRiver \u2013 Intelligentes Odergebiet: Konzept eines \u00dcberwachungssystems f\u00fcr Umweltparameter&#8221; stattfindet. &#8211; <a href=\"\/?page_id=517&amp;lang=de\">mehr<\/a>.<\/p>\n<\/div>\n<\/div>\n\n\n\n<hr class=\"wp-block-separator has-text-color has-dark-gray-color has-alpha-channel-opacity has-dark-gray-background-color has-background is-style-wide\"\/>\n\n\n\n<p><strong>XIV. Konferenz<br>Messsysteme in der wissenschaftlichen Forschung und Industrie SP&#8217;2022<\/strong><\/p>\n\n\n\n<div class=\"wp-container-6 wp-block-columns\">\n<div class=\"wp-container-4 wp-block-column is-vertically-aligned-top\" style=\"flex-basis:33.33%\"><div class=\"wp-block-image\">\n<figure class=\"alignleft is-resized\"><a href=\"http:\/\/www.sp2022.imei.uz.zgora.pl\/\"><img loading=\"lazy\" src=\"http:\/\/www.smartriver.uz.zgora.pl\/wp-content\/uploads\/2022\/08\/sp22.jpg\" alt=\"\" class=\"wp-image-385\" width=\"149\" height=\"123\" srcset=\"http:\/\/www.smartriver.uz.zgora.pl\/wp-content\/uploads\/2022\/08\/sp22.jpg 330w, http:\/\/www.smartriver.uz.zgora.pl\/wp-content\/uploads\/2022\/08\/sp22-300x248.jpg 300w\" sizes=\"(max-width: 149px) 100vw, 149px\" \/><\/a><\/figure><\/div><\/div>\n\n\n\n<div class=\"wp-container-5 wp-block-column\" style=\"flex-basis:66.66%\">\n<p>Vom 12. bis 15. Juni 2022 fand in \u0141ag\u00f3w die 14. Wissenschaftliche Konferenz \u201eMeasurement Systems in Scientific Research and Industry SP&#8217;2020\u201c statt. Die Konferenz wurde vom Institut f\u00fcr Metrologie, Elektronik und Informatik der Universit\u00e4t Zielona G\u00f3ra unter der Schirmherrschaft der Polnischen Gesellschaft f\u00fcr Theoretische und Angewandte Elektrotechnik organisiert &#8211; <a href=\"\/?page_id=439&amp;lang=de\">mehr<\/a>.<\/p>\n<\/div>\n<\/div>\n\n\n\n<hr class=\"wp-block-separator has-text-color has-dark-gray-color has-alpha-channel-opacity has-dark-gray-background-color has-background is-style-wide\"\/>\n\n\n\n<p><strong>Deutsch &#8211; Polnische Workshops<\/strong><\/p>\n\n\n\n<div class=\"wp-container-9 wp-block-columns\">\n<div class=\"wp-container-7 wp-block-column\" style=\"flex-basis:33.33%\">\n<figure class=\"wp-block-image size-full is-resized\"><img loading=\"lazy\" src=\"http:\/\/www.smartriver.uz.zgora.pl\/wp-content\/uploads\/2022\/10\/workshop.jpg\" alt=\"\" class=\"wp-image-420\" width=\"146\" height=\"136\" srcset=\"http:\/\/www.smartriver.uz.zgora.pl\/wp-content\/uploads\/2022\/10\/workshop.jpg 574w, http:\/\/www.smartriver.uz.zgora.pl\/wp-content\/uploads\/2022\/10\/workshop-300x280.jpg 300w\" sizes=\"(max-width: 146px) 100vw, 146px\" \/><\/figure>\n<\/div>\n\n\n\n<div class=\"wp-container-8 wp-block-column\" style=\"flex-basis:66.66%\">\n<p>Am 24. September 2021 fand von 10:00 bis 15:00 Uhr der Remote-Workshop \u201eSmartRiver \u2013 Smart Nadodrze: Konzept des Umweltparameter-\u00dcberwachungssystems\u201c statt. Veranstalter der Workshops sind das IHP &#8211; Leibniz-Institut f\u00fcr Innovative Elektronik aus Frankfurt (Oder) und die Universit\u00e4t Zielona G\u00f3ra (UZ) &#8211; <a href=\"\/?page_id=306&amp;lang=de\">mehr<\/a>.<\/p>\n<\/div>\n<\/div>\n\n\n\n<hr class=\"wp-block-separator has-text-color has-dark-gray-color has-alpha-channel-opacity has-dark-gray-background-color has-background is-style-wide\"\/>\n\n\n\n<p><strong>XIII. Konferenz<br>Messsysteme in der wissenschaftlichen Forschung und Industrie SP&#8217;2022XIII <\/strong><\/p>\n\n\n\n<div class=\"wp-container-12 wp-block-columns\">\n<div class=\"wp-container-10 wp-block-column\" style=\"flex-basis:33.33%\">\n<p><\/p>\n\n\n\n<figure class=\"wp-block-image\"><img loading=\"lazy\" width=\"150\" height=\"150\" src=\"http:\/\/www.smartriver.uz.zgora.pl\/wp-content\/uploads\/2021\/02\/SP2020-150x150.png\" alt=\"\" class=\"wp-image-231\"\/><\/figure>\n<\/div>\n\n\n\n<div class=\"wp-container-11 wp-block-column\" style=\"flex-basis:66.66%\">\n<p>Vom 14. bis 17. Juni 2020 fand die 13. Wissenschaftliche Konferenz &#8220;Measurement Systems in Scientific Research and Industry SP&#8217;2020&#8221; in Form einer Telefonkonferenz statt. Die Konferenz wurde vom Institut f\u00fcr Metrologie, Elektronik und Informatik der Universit\u00e4t Zielona G\u00f3ra unter der Schirmherrschaft der Polnischen Gesellschaft f\u00fcr Theoretische und Angewandte Elektrotechnik organisiert &#8211; <a href=\"\/?page_id=441&amp;lang=de\">mehr<\/a>.<\/p>\n<\/div>\n<\/div>\n\n\n\n<hr class=\"wp-block-separator has-text-color has-dark-gray-color has-alpha-channel-opacity has-dark-gray-background-color has-background is-style-wide\"\/>\n\n\n\n<p><strong>Konferenz \u201eWasserr\u00fcckhaltung im Polder Milsko\u201c, Universit\u00e4t Zielona G\u00f3ra, 10.10.2019<\/strong><\/p>\n\n\n\n<div class=\"wp-container-15 wp-block-columns are-vertically-aligned-top\">\n<div class=\"wp-container-13 wp-block-column is-vertically-aligned-top\" style=\"flex-basis:33.33%\"><div class=\"wp-block-image\">\n<figure class=\"aligncenter\"><img loading=\"lazy\" width=\"605\" height=\"294\" src=\"http:\/\/www.smartriver.uz.zgora.pl\/wp-content\/uploads\/2021\/02\/1a.png\" alt=\"\" class=\"wp-image-246\" srcset=\"http:\/\/www.smartriver.uz.zgora.pl\/wp-content\/uploads\/2021\/02\/1a.png 605w, http:\/\/www.smartriver.uz.zgora.pl\/wp-content\/uploads\/2021\/02\/1a-300x146.png 300w\" sizes=\"(max-width: 605px) 100vw, 605px\" \/><\/figure><\/div><\/div>\n\n\n\n<div class=\"wp-container-14 wp-block-column is-vertically-aligned-top\" style=\"flex-basis:66.66%\">\n<p>Am 10. Oktober 2019 fand am Institut f\u00fcr Umweltingenieurwesen an der Fakult\u00e4t f\u00fcr Bauingenieurwesen, Architektur und Umweltingenieurwesen der Universit\u00e4t Zielona G\u00f3ra eine wissenschaftliche Konferenz mit dem Titel Wasserr\u00fcckhaltung im Polder Milsko. Einf\u00fchrungsvortrag mit dem Titel Der Hochwasserschutz der mittleren Nadodrze wurde von dr hab geliefert. Urszula Ko\u0142odziejczyk, Professorin an der Universit\u00e4t Zielona G\u00f3ra &#8211; <a href=\"\/?page_id=443&amp;lang=de\">mehr<\/a>.<\/p>\n<\/div>\n<\/div>\n\n\n\n<hr class=\"wp-block-separator has-text-color has-dark-gray-color has-alpha-channel-opacity has-dark-gray-background-color has-background is-style-wide\"\/>\n\n\n\n<p><strong>Die Universit\u00e4t Zielona G\u00f3ra und das IHP er\u00f6ffnen ein Joint Lab und beginnen mit der Umsetzung des gemeinsamen SmartRiver-Projekts<\/strong><\/p>\n\n\n\n<div class=\"wp-container-18 wp-block-columns\">\n<div class=\"wp-container-16 wp-block-column\" style=\"flex-basis:33.33%\"><div class=\"wp-block-image\">\n<figure class=\"aligncenter\"><img loading=\"lazy\" width=\"411\" height=\"318\" src=\"http:\/\/www.smartriver.uz.zgora.pl\/wp-content\/uploads\/2021\/02\/sr-meet.png\" alt=\"\" class=\"wp-image-237\" srcset=\"http:\/\/www.smartriver.uz.zgora.pl\/wp-content\/uploads\/2021\/02\/sr-meet.png 411w, http:\/\/www.smartriver.uz.zgora.pl\/wp-content\/uploads\/2021\/02\/sr-meet-300x232.png 300w\" sizes=\"(max-width: 411px) 100vw, 411px\" \/><\/figure><\/div><\/div>\n\n\n\n<div class=\"wp-container-17 wp-block-column\" style=\"flex-basis:66.66%\">\n<p>Am 2. Juli 2019 hat im Senatssaal der Universit\u00e4t Zielona G\u00f3ra der Prorektor f\u00fcr Studienangelegenheiten, Prof. Wojciech Strzy\u017cewski und der wissenschaftlich-technische Direktor des IHP \u2013 Leibniz-Institut f\u00fcr innovative Mikroelektronik Prof. Dr. Bernd Tillack unterzeichnete einen Zusatz zur Kooperationsvereinbarung zur Er\u00f6ffnung eines gemeinsamen Labors. Das Joint Lab hei\u00dft <em>Verteilte Messsysteme und drahtlose Sensornetze<\/em> &#8211; <a href=\"\/?page_id=445&amp;lang=de\">mehr<\/a>.<\/p>\n<\/div>\n<\/div>\n\n\n\n<p><\/p>\n","protected":false},"excerpt":{"rendered":"<p>Events Beschreibung der Ereignisse Der zweite Deutsch &#8211; Polnische Workshop Wir m\u00f6chten Sie dar\u00fcber informieren, dass am 22. M\u00e4rz 2023 von 10:00 bis 15:00 Uhr der zweite Workshop &#8220;SmartRiver \u2013 Intelligentes Odergebiet: Konzept eines \u00dcberwachungssystems f\u00fcr Umweltparameter&#8221; stattfindet. &#8211; mehr. XIV. KonferenzMesssysteme in der wissenschaftlichen Forschung und Industrie SP&#8217;2022 Vom 12. bis 15. Juni 2022 &hellip; <a href=\"http:\/\/www.smartriver.uz.zgora.pl\/?page_id=67&#038;lang=de\" class=\"more-link\">Czytaj dalej <span class=\"screen-reader-text\">Events de<\/span><\/a><\/p>\n","protected":false},"author":1,"featured_media":0,"parent":0,"menu_order":0,"comment_status":"closed","ping_status":"closed","template":"","meta":[],"_links":{"self":[{"href":"http:\/\/www.smartriver.uz.zgora.pl\/index.php?rest_route=\/wp\/v2\/pages\/67"}],"collection":[{"href":"http:\/\/www.smartriver.uz.zgora.pl\/index.php?rest_route=\/wp\/v2\/pages"}],"about":[{"href":"http:\/\/www.smartriver.uz.zgora.pl\/index.php?rest_route=\/wp\/v2\/types\/page"}],"author":[{"embeddable":true,"href":"http:\/\/www.smartriver.uz.zgora.pl\/index.php?rest_route=\/wp\/v2\/users\/1"}],"replies":[{"embeddable":true,"href":"http:\/\/www.smartriver.uz.zgora.pl\/index.php?rest_route=%2Fwp%2Fv2%2Fcomments&post=67"}],"version-history":[{"count":19,"href":"http:\/\/www.smartriver.uz.zgora.pl\/index.php?rest_route=\/wp\/v2\/pages\/67\/revisions"}],"predecessor-version":[{"id":570,"href":"http:\/\/www.smartriver.uz.zgora.pl\/index.php?rest_route=\/wp\/v2\/pages\/67\/revisions\/570"}],"wp:attachment":[{"href":"http:\/\/www.smartriver.uz.zgora.pl\/index.php?rest_route=%2Fwp%2Fv2%2Fmedia&parent=67"}],"curies":[{"name":"wp","href":"https:\/\/api.w.org\/{rel}","templated":true}]}}