{"id":443,"date":"2022-10-07T16:31:07","date_gmt":"2022-10-07T14:31:07","guid":{"rendered":"http:\/\/www.smartriver.uz.zgora.pl\/?page_id=443"},"modified":"2022-10-07T16:31:07","modified_gmt":"2022-10-07T14:31:07","slug":"konferenz-wasserruckhaltung-im-polder-milsko-universitat-zielona-gora-10-10-2019","status":"publish","type":"page","link":"http:\/\/www.smartriver.uz.zgora.pl\/?page_id=443&lang=de","title":{"rendered":"Konferenz \u201eWasserr\u00fcckhaltung im Polder Milsko\u201c, Universit\u00e4t Zielona G\u00f3ra, 10.10.2019"},"content":{"rendered":"\n<p>Am 10. Oktober 2019 fand am Institut f\u00fcr Umweltingenieurwesen an der Fakult\u00e4t f\u00fcr Bauingenieurwesen, Architektur und Umweltingenieurwesen der Universit\u00e4t Zielona G\u00f3ra eine wissenschaftliche Konferenz mit dem Titel Wasserr\u00fcckhaltung im Polder Milsko. Einf\u00fchrungsvortrag mit dem Titel Der Hochwasserschutz der mittleren Nadodrze wurde von dr hab geliefert. Urszula Ko\u0142odziejczyk, Professorin an der Universit\u00e4t Zielona G\u00f3ra.<\/p>\n\n\n\n<p>Ein Plenarvortrag mit dem Titel IKT im Hochwasserschutz, Ryszard Rybski, Krzysztof Piotrowski, Emil Michta, bezogen auf das laufende Projekt Smart River, wurde von Assoc. dr in\u017c. Emil Micha.<\/p>\n\n\n<div class=\"wp-block-image\">\n<figure class=\"aligncenter\"><img loading=\"lazy\" width=\"605\" height=\"294\" src=\"http:\/\/www.smartriver.uz.zgora.pl\/wp-content\/uploads\/2021\/02\/1a.png\" alt=\"\" class=\"wp-image-246\" srcset=\"http:\/\/www.smartriver.uz.zgora.pl\/wp-content\/uploads\/2021\/02\/1a.png 605w, http:\/\/www.smartriver.uz.zgora.pl\/wp-content\/uploads\/2021\/02\/1a-300x146.png 300w\" sizes=\"(max-width: 605px) 100vw, 605px\" \/><\/figure><\/div>\n\n\n<p class=\"has-text-align-center\">Konferenzteilnehmer, darunter die Implementierer des SmartRiver-Projekts: prof. Urszula Ko\u0142odziejczyk, doc. Emil Michta, Dr. Krzysztof Piotrowski, Dr. Jakub Kostecki<\/p>\n\n\n<div class=\"wp-block-image\">\n<figure class=\"aligncenter\"><img loading=\"lazy\" width=\"333\" height=\"448\" src=\"http:\/\/www.smartriver.uz.zgora.pl\/wp-content\/uploads\/2021\/02\/1b.png\" alt=\"\" class=\"wp-image-247\" srcset=\"http:\/\/www.smartriver.uz.zgora.pl\/wp-content\/uploads\/2021\/02\/1b.png 333w, http:\/\/www.smartriver.uz.zgora.pl\/wp-content\/uploads\/2021\/02\/1b-223x300.png 223w\" sizes=\"(max-width: 333px) 100vw, 333px\" \/><\/figure><\/div>\n\n\n<p class=\"has-text-align-center\">Dok. Emil Michta pr\u00e4sentiert ein Paper zum SmartRiver-Projekt<\/p>\n\n\n<div class=\"wp-block-image\">\n<figure class=\"aligncenter\"><img loading=\"lazy\" width=\"470\" height=\"348\" src=\"http:\/\/www.smartriver.uz.zgora.pl\/wp-content\/uploads\/2021\/02\/1c.png\" alt=\"\" class=\"wp-image-248\" srcset=\"http:\/\/www.smartriver.uz.zgora.pl\/wp-content\/uploads\/2021\/02\/1c.png 470w, http:\/\/www.smartriver.uz.zgora.pl\/wp-content\/uploads\/2021\/02\/1c-300x222.png 300w\" sizes=\"(max-width: 470px) 100vw, 470px\" \/><\/figure><\/div>\n\n\n<p class=\"has-text-align-center\">Konferenzteilnehmer w\u00e4hrend des Meetings<\/p>\n","protected":false},"excerpt":{"rendered":"<p>Am 10. Oktober 2019 fand am Institut f\u00fcr Umweltingenieurwesen an der Fakult\u00e4t f\u00fcr Bauingenieurwesen, Architektur und Umweltingenieurwesen der Universit\u00e4t Zielona G\u00f3ra eine wissenschaftliche Konferenz mit dem Titel Wasserr\u00fcckhaltung im Polder Milsko. Einf\u00fchrungsvortrag mit dem Titel Der Hochwasserschutz der mittleren Nadodrze wurde von dr hab geliefert. Urszula Ko\u0142odziejczyk, Professorin an der Universit\u00e4t Zielona G\u00f3ra. Ein Plenarvortrag &hellip; <a href=\"http:\/\/www.smartriver.uz.zgora.pl\/?page_id=443&#038;lang=de\" class=\"more-link\">Czytaj dalej <span class=\"screen-reader-text\">Konferenz \u201eWasserr\u00fcckhaltung im Polder Milsko\u201c, Universit\u00e4t Zielona G\u00f3ra, 10.10.2019<\/span><\/a><\/p>\n","protected":false},"author":2,"featured_media":0,"parent":0,"menu_order":0,"comment_status":"closed","ping_status":"closed","template":"","meta":[],"_links":{"self":[{"href":"http:\/\/www.smartriver.uz.zgora.pl\/index.php?rest_route=\/wp\/v2\/pages\/443"}],"collection":[{"href":"http:\/\/www.smartriver.uz.zgora.pl\/index.php?rest_route=\/wp\/v2\/pages"}],"about":[{"href":"http:\/\/www.smartriver.uz.zgora.pl\/index.php?rest_route=\/wp\/v2\/types\/page"}],"author":[{"embeddable":true,"href":"http:\/\/www.smartriver.uz.zgora.pl\/index.php?rest_route=\/wp\/v2\/users\/2"}],"replies":[{"embeddable":true,"href":"http:\/\/www.smartriver.uz.zgora.pl\/index.php?rest_route=%2Fwp%2Fv2%2Fcomments&post=443"}],"version-history":[{"count":1,"href":"http:\/\/www.smartriver.uz.zgora.pl\/index.php?rest_route=\/wp\/v2\/pages\/443\/revisions"}],"predecessor-version":[{"id":444,"href":"http:\/\/www.smartriver.uz.zgora.pl\/index.php?rest_route=\/wp\/v2\/pages\/443\/revisions\/444"}],"wp:attachment":[{"href":"http:\/\/www.smartriver.uz.zgora.pl\/index.php?rest_route=%2Fwp%2Fv2%2Fmedia&parent=443"}],"curies":[{"name":"wp","href":"https:\/\/api.w.org\/{rel}","templated":true}]}}