{"id":245,"date":"2021-02-22T13:39:45","date_gmt":"2021-02-22T12:39:45","guid":{"rendered":"http:\/\/www.smartriver.uz.zgora.pl\/?page_id=245"},"modified":"2021-02-22T13:39:46","modified_gmt":"2021-02-22T12:39:46","slug":"konferencja-retencja-wody-w-polderze-milsko-uniwersytet-zielonogorski-zielona-gora-10-10-2019-r","status":"publish","type":"page","link":"http:\/\/www.smartriver.uz.zgora.pl\/?page_id=245","title":{"rendered":"Konferencja \u201eRetencja wody w polderze Milsko\u201d, Uniwersytet Zielonog\u00f3rski, Zielona G\u00f3ra, 10.10.2019 r."},"content":{"rendered":"\n<p><\/p>\n\n\n\n<p>Dnia 10 pa\u017adziernika 2019 r. w Instytucie In\u017cynierii \u015arodowiska, na Wydziale Budownictwa, Architektury i In\u017cynierii \u015arodowiska Uniwersytetu Zielonog\u00f3rskiego odby\u0142a si\u0119 Konferencja Naukowa pt. Retencja wody w Polderze Milsko. Referat wprowadzaj\u0105cy pt. Ochrona przeciwpowodziowa \u015arodkowego Nadodrza wyg\u0142osi\u0142a dr hab. Urszula Ko\u0142odziejczyk, prof UZ.<\/p>\n\n\n\n<p>Jeden referat\u00f3w plenarnych pt. <em>Technologie teleinformatyczne w ochronie przeciwpowodziowej<\/em>, Ryszard Rybski, Krzysztof Piotrowski, Emil Michta, w kt\u00f3rym nawi\u0105zano do realizowanego projektu Smart River, wyg\u0142osi\u0142 doc. dr in\u017c. Emil Michta .<\/p>\n\n\n\n<figure class=\"wp-block-image size-large is-resized is-style-default\"><img loading=\"lazy\" src=\"http:\/\/www.smartriver.uz.zgora.pl\/wp-content\/uploads\/2021\/02\/1a.png\" alt=\"\" class=\"wp-image-246\" width=\"688\" height=\"334\" srcset=\"http:\/\/www.smartriver.uz.zgora.pl\/wp-content\/uploads\/2021\/02\/1a.png 605w, http:\/\/www.smartriver.uz.zgora.pl\/wp-content\/uploads\/2021\/02\/1a-300x146.png 300w\" sizes=\"(max-width: 688px) 100vw, 688px\" \/><\/figure>\n\n\n\n<p class=\"has-text-align-center\">Uczestnicy konferencji, w tym realizatorzy projektu SmartRiver: prof. Urszula Ko\u0142odziejczyk, doc. Emil Michta, dr Krzysztof Piotrowski, dr Jakub Kostecki<\/p>\n\n\n\n<div class=\"wp-block-image is-style-default\"><figure class=\"aligncenter size-large is-resized\"><img loading=\"lazy\" src=\"http:\/\/www.smartriver.uz.zgora.pl\/wp-content\/uploads\/2021\/02\/1b.png\" alt=\"\" class=\"wp-image-247\" width=\"432\" height=\"581\" srcset=\"http:\/\/www.smartriver.uz.zgora.pl\/wp-content\/uploads\/2021\/02\/1b.png 333w, http:\/\/www.smartriver.uz.zgora.pl\/wp-content\/uploads\/2021\/02\/1b-223x300.png 223w\" sizes=\"(max-width: 432px) 100vw, 432px\" \/><\/figure><\/div>\n\n\n\n<p class=\"has-text-align-center\">doc. Emil Michta przedstawia referat na temat projektu SmartRiver<\/p>\n\n\n\n<figure class=\"wp-block-image size-large is-resized is-style-default\"><img loading=\"lazy\" src=\"http:\/\/www.smartriver.uz.zgora.pl\/wp-content\/uploads\/2021\/02\/1c.png\" alt=\"\" class=\"wp-image-248\" width=\"689\" height=\"510\" srcset=\"http:\/\/www.smartriver.uz.zgora.pl\/wp-content\/uploads\/2021\/02\/1c.png 470w, http:\/\/www.smartriver.uz.zgora.pl\/wp-content\/uploads\/2021\/02\/1c-300x222.png 300w\" sizes=\"(max-width: 689px) 100vw, 689px\" \/><\/figure>\n\n\n\n<p class=\"has-text-align-center\">Uczestnicy konferencji podczas obrad<\/p>\n","protected":false},"excerpt":{"rendered":"<p>Dnia 10 pa\u017adziernika 2019 r. w Instytucie In\u017cynierii \u015arodowiska, na Wydziale Budownictwa, Architektury i In\u017cynierii \u015arodowiska Uniwersytetu Zielonog\u00f3rskiego odby\u0142a si\u0119 Konferencja Naukowa pt. Retencja wody w Polderze Milsko. Referat wprowadzaj\u0105cy pt. Ochrona przeciwpowodziowa \u015arodkowego Nadodrza wyg\u0142osi\u0142a dr hab. Urszula Ko\u0142odziejczyk, prof UZ. Jeden referat\u00f3w plenarnych pt. Technologie teleinformatyczne w ochronie przeciwpowodziowej, Ryszard Rybski, Krzysztof Piotrowski, &hellip; <a href=\"http:\/\/www.smartriver.uz.zgora.pl\/?page_id=245\" class=\"more-link\">Czytaj dalej <span class=\"screen-reader-text\">Konferencja \u201eRetencja wody w polderze Milsko\u201d, Uniwersytet Zielonog\u00f3rski, Zielona G\u00f3ra, 10.10.2019 r.<\/span><\/a><\/p>\n","protected":false},"author":1,"featured_media":0,"parent":0,"menu_order":0,"comment_status":"closed","ping_status":"closed","template":"","meta":[],"_links":{"self":[{"href":"http:\/\/www.smartriver.uz.zgora.pl\/index.php?rest_route=\/wp\/v2\/pages\/245"}],"collection":[{"href":"http:\/\/www.smartriver.uz.zgora.pl\/index.php?rest_route=\/wp\/v2\/pages"}],"about":[{"href":"http:\/\/www.smartriver.uz.zgora.pl\/index.php?rest_route=\/wp\/v2\/types\/page"}],"author":[{"embeddable":true,"href":"http:\/\/www.smartriver.uz.zgora.pl\/index.php?rest_route=\/wp\/v2\/users\/1"}],"replies":[{"embeddable":true,"href":"http:\/\/www.smartriver.uz.zgora.pl\/index.php?rest_route=%2Fwp%2Fv2%2Fcomments&post=245"}],"version-history":[{"count":1,"href":"http:\/\/www.smartriver.uz.zgora.pl\/index.php?rest_route=\/wp\/v2\/pages\/245\/revisions"}],"predecessor-version":[{"id":249,"href":"http:\/\/www.smartriver.uz.zgora.pl\/index.php?rest_route=\/wp\/v2\/pages\/245\/revisions\/249"}],"wp:attachment":[{"href":"http:\/\/www.smartriver.uz.zgora.pl\/index.php?rest_route=%2Fwp%2Fv2%2Fmedia&parent=245"}],"curies":[{"name":"wp","href":"https:\/\/api.w.org\/{rel}","templated":true}]}}