{"id":238,"date":"2021-02-22T13:33:00","date_gmt":"2021-02-22T12:33:00","guid":{"rendered":"http:\/\/www.smartriver.uz.zgora.pl\/?page_id=238"},"modified":"2021-02-22T13:33:01","modified_gmt":"2021-02-22T12:33:01","slug":"uniwersytet-zielonogorski-i-ihp-otwieraja-joint-lab-oraz-rozpoczynaja-realizacje-wspolnego-projektu-smartriver","status":"publish","type":"page","link":"http:\/\/www.smartriver.uz.zgora.pl\/?page_id=238","title":{"rendered":"Uniwersytet Zielonog\u00f3rski i IHP otwieraj\u0105 Joint Lab oraz rozpoczynaj\u0105 realizacj\u0119 wsp\u00f3lnego projektu SmartRiver"},"content":{"rendered":"\n<p>W dniu 2 lipca 2019\u00a0r., w sali Senatu Uniwersytetu Zielonog\u00f3rskiego, Prorektor ds. studenckich prof. Wojciech Strzy\u017cewski oraz Dyrektor naukowo-techniczny IHP \u2013 Instytutu Leibniza dla Innowacyjnej Mikroelektroniki prof. dr Bernd Tillack podpisali aneks do umowy o wsp\u00f3\u0142pracy dotycz\u0105cy otwarcia wsp\u00f3lnego laboratorium. Joint Lab nosi nazw\u0119 <em>Distributed Measurement Systems and Wireless Sensor Networks<\/em>.<\/p>\n\n\n\n<figure class=\"wp-block-image size-large is-resized is-style-default\"><img loading=\"lazy\" src=\"http:\/\/www.smartriver.uz.zgora.pl\/wp-content\/uploads\/2021\/02\/1.png\" alt=\"\" class=\"wp-image-239\" width=\"687\" height=\"458\" srcset=\"http:\/\/www.smartriver.uz.zgora.pl\/wp-content\/uploads\/2021\/02\/1.png 480w, http:\/\/www.smartriver.uz.zgora.pl\/wp-content\/uploads\/2021\/02\/1-300x200.png 300w\" sizes=\"(max-width: 687px) 100vw, 687px\" \/><\/figure>\n\n\n\n<p><a href=\"http:\/\/www.infoserwis.uz.zgora.pl\/content\/images\/d238aa1107fbda28a8f0fd3ab1f376a3.jpg\"><\/a><\/p>\n\n\n\n<p>Moment podpisania umowy. Fot. Kazimierz Adamczewski<\/p>\n\n\n\n<p>To spotkanie polskich i niemieckich naukowc\u00f3w zainaugurowa\u0142o r\u00f3wnie\u017c wsp\u00f3lnie realizowany od 1 lipca 2019 r. projekt naukowo-badawczy SmartRiver: <em>Intelligentes Odergebiet \/ SmartRiver: Inteligentne Nadodrze.<\/em><\/p>\n\n\n\n<p>Projekt o warto\u015bci 1 146 000 EUR jest wsp\u00f3\u0142finansowany ze \u015brodk\u00f3w Europejskiego Funduszu Rozwoju Regionalnego (EFRR) w ramach Programu Wsp\u00f3\u0142pracy INTERREG VA Polska &#8211; Brandenburgia 2014-2020. Koordynatorem projektu jest IHP, a Uniwersytet Zielonog\u00f3rski reprezentowany przez Instytut Metrologii, Elektroniki i Informatyki (Wydzia\u0142 Informatyki, Elektrotechniki i Automatyki UZ) oraz Instytut In\u017cynierii \u015arodowiska (Wydzia\u0142 Budownictwa, Architektury i In\u017cynierii \u015arodowiska UZ) jest partnerem w projekcie.<\/p>\n\n\n\n<p>Celem projektu <em>SmartRiver<\/em> jest wsparcie ochrony przeciwpowodziowej mieszka\u0144c\u00f3w w nadodrza\u0144skim rejonie S\u0142ubic i Frankfurtu nad Odr\u0105 oraz opracowanie transgranicznego, inteligentnego nieinwazyjnego systemu monitoringu wa\u0142\u00f3w przeciwpowodziowych oraz teren\u00f3w nadrzecznych, po obu stronach granicy w tym obszarze.<\/p>\n\n\n\n<figure class=\"wp-block-image size-large is-resized is-style-default\"><img loading=\"lazy\" src=\"http:\/\/www.smartriver.uz.zgora.pl\/wp-content\/uploads\/2021\/02\/2.png\" alt=\"\" class=\"wp-image-240\" width=\"687\" height=\"418\" srcset=\"http:\/\/www.smartriver.uz.zgora.pl\/wp-content\/uploads\/2021\/02\/2.png 526w, http:\/\/www.smartriver.uz.zgora.pl\/wp-content\/uploads\/2021\/02\/2-300x183.png 300w\" sizes=\"(max-width: 687px) 100vw, 687px\" \/><\/figure>\n\n\n\n<p><a href=\"http:\/\/www.infoserwis.uz.zgora.pl\/content\/images\/7f4d214abd657c03a9bdb5c500e3587e.jpg\"><\/a><\/p>\n\n\n\n<p>Podczas spotkania. Fot. Kazimierz Adamczewski<\/p>\n\n\n\n<p><br>&nbsp;Podczas spotkania przedstawiono dwa referaty dotycz\u0105ce dotychczasowej i przysz\u0142ej wsp\u00f3\u0142pracy partner\u00f3w, w tym zw\u0142aszcza realizacji wsp\u00f3lnych projekt\u00f3w badawczo-rozwojowych:<\/p>\n\n\n\n<ul><li><em>SmartRiver: Inteligentne Nadodrze, Inteligentne Dwumiasto Frankfurt (Oder) &amp; S\u0142ubice<\/em>; Krzysztof Piotrowski,<\/li><li><em>Wsp\u00f3\u0142praca IHP &#8211; UZ, 2016 &#8211; 2019<\/em>; Ryszard Rybski.<\/li><\/ul>\n","protected":false},"excerpt":{"rendered":"<p>W dniu 2 lipca 2019\u00a0r., w sali Senatu Uniwersytetu Zielonog\u00f3rskiego, Prorektor ds. studenckich prof. Wojciech Strzy\u017cewski oraz Dyrektor naukowo-techniczny IHP \u2013 Instytutu Leibniza dla Innowacyjnej Mikroelektroniki prof. dr Bernd Tillack podpisali aneks do umowy o wsp\u00f3\u0142pracy dotycz\u0105cy otwarcia wsp\u00f3lnego laboratorium. Joint Lab nosi nazw\u0119 Distributed Measurement Systems and Wireless Sensor Networks. Moment podpisania umowy. Fot. &hellip; <a href=\"http:\/\/www.smartriver.uz.zgora.pl\/?page_id=238\" class=\"more-link\">Czytaj dalej <span class=\"screen-reader-text\">Uniwersytet Zielonog\u00f3rski i IHP otwieraj\u0105 Joint Lab oraz rozpoczynaj\u0105 realizacj\u0119 wsp\u00f3lnego projektu SmartRiver<\/span><\/a><\/p>\n","protected":false},"author":1,"featured_media":0,"parent":0,"menu_order":0,"comment_status":"closed","ping_status":"closed","template":"","meta":[],"_links":{"self":[{"href":"http:\/\/www.smartriver.uz.zgora.pl\/index.php?rest_route=\/wp\/v2\/pages\/238"}],"collection":[{"href":"http:\/\/www.smartriver.uz.zgora.pl\/index.php?rest_route=\/wp\/v2\/pages"}],"about":[{"href":"http:\/\/www.smartriver.uz.zgora.pl\/index.php?rest_route=\/wp\/v2\/types\/page"}],"author":[{"embeddable":true,"href":"http:\/\/www.smartriver.uz.zgora.pl\/index.php?rest_route=\/wp\/v2\/users\/1"}],"replies":[{"embeddable":true,"href":"http:\/\/www.smartriver.uz.zgora.pl\/index.php?rest_route=%2Fwp%2Fv2%2Fcomments&post=238"}],"version-history":[{"count":1,"href":"http:\/\/www.smartriver.uz.zgora.pl\/index.php?rest_route=\/wp\/v2\/pages\/238\/revisions"}],"predecessor-version":[{"id":241,"href":"http:\/\/www.smartriver.uz.zgora.pl\/index.php?rest_route=\/wp\/v2\/pages\/238\/revisions\/241"}],"wp:attachment":[{"href":"http:\/\/www.smartriver.uz.zgora.pl\/index.php?rest_route=%2Fwp%2Fv2%2Fmedia&parent=238"}],"curies":[{"name":"wp","href":"https:\/\/api.w.org\/{rel}","templated":true}]}}