{"id":213,"date":"2021-02-22T11:12:33","date_gmt":"2021-02-22T10:12:33","guid":{"rendered":"http:\/\/www.smartriver.uz.zgora.pl\/?page_id=213"},"modified":"2021-02-22T13:27:08","modified_gmt":"2021-02-22T12:27:08","slug":"xiii-konferencja-systemy-pomiarowe-w-badaniach-naukowych-i-w-przemysle-sp2020","status":"publish","type":"page","link":"http:\/\/www.smartriver.uz.zgora.pl\/?page_id=213","title":{"rendered":"XIII Konferencja Systemy Pomiarowe w Badaniach Naukowych i w Przemy\u015ble SP\u20192020"},"content":{"rendered":"\n<p id=\"block-f753858b-cea5-4df0-86d9-14b59b722419\">W dniach 14 \u2013 17 czerwca 2020 r. odby\u0142a si\u0119 w formule telekonferencji XIII Konferencja Naukowa \u201eSystemy Pomiarowe w Badaniach Naukowych i w Przemy\u015ble SP\u20192020\u201d<strong>. <\/strong>Konferencj\u0119 zorganizowa\u0142 Instytut Metrologii, Elektroniki i Informatyki Uniwersytetu Zielonog\u00f3rskiego pod patronatem Polskiego Towarzystwa Elektrotechniki Teoretycznej i Stosowanej. &nbsp;<\/p>\n\n\n\n<p id=\"block-bcf29ef8-559d-4609-be9d-f2e9589f4cfb\">Organizowana w cyklu dwuletnim konferencja ju\u017c tradycyjnie jest miejscem prezentacji wynik\u00f3w prac badawczych w zakresie szeroko rozumianej tematyki dotycz\u0105cej system\u00f3w pomiarowych, prowadzonych w o\u015brodkach akademickich, instytutach badawczych i w przemy\u015ble. Tematyka XIII konferencji SP obejmowa\u0142a zagadnienia teorii, konstrukcji i badania komputerowych system\u00f3w pomiarowych, w tym r\u00f3wnie\u017c zagadnienia z obszaru <em>smart grid<\/em> i <em>smart metering<\/em>, bezpiecze\u0144stwa w systemach pomiarowych oraz Internetu Rzeczy, &nbsp;zastosowa\u0144 cyfrowego przetwarzania sygna\u0142\u00f3w w konstrukcji narz\u0119dzi pomiarowych, analiz\u0119 metrologiczn\u0105 przetwornik\u00f3w i system\u00f3w pomiarowych.<\/p>\n\n\n\n<p id=\"block-c8ce9ec5-ac27-4a9f-bcf7-2faf39fe71d2\">W konferencji wzi\u0119\u0142o udzia\u0142 45 uczestnik\u00f3w reprezentuj\u0105cych krajowe i zagraniczne o\u015brodki akademickie, instytuty badawcze oraz instytucje i firmy przemys\u0142owe. Do programu konferencji zakwalifikowano 29 prac.<\/p>\n\n\n\n<p id=\"block-782ff7e3-e640-4bb9-842a-3c6595e15b67\">Podczas konferencji przedstawiono sze\u015b\u0107 referat\u00f3w po\u015bwi\u0119conych szeroko rozumianej tematyce projektu &#8220;SmartRiver: Intelligentes Odergebiet \/ SmartRiver: Inteligentne Nadodrze&#8221;, przygotowanych wsp\u00f3lnie przez pracownik\u00f3w IHP i UZ. Poni\u017cej lista referat\u00f3w.<\/p>\n\n\n\n<ul id=\"block-85c69dcb-15c4-4425-9425-336e8741d0ea\"><li>Igor Koropiecki<sup>1<\/sup>, Piotr Powro\u017anik<sup>2<\/sup>, Krzysztof Piotrowski<sup>1<\/sup>:<em> Intelligent and Interactive Household Simulation for Energy Management Algorithms&#8217; Evaluation<\/em><\/li><\/ul>\n\n\n\n<p id=\"block-d2a7aa16-c591-44ac-89b7-6c9d1d3d8f63\"><sup>1<\/sup>IHP \u2013 Leibniz-Institut f\u00fcr innovative Mikroelektronik, Frankfurt (Oder), Germany<\/p>\n\n\n\n<p id=\"block-3f58fe2a-645b-4b1c-94b2-8ab7b2bc5cb2\"><sup>2<\/sup>Uniwersytet Zielonog\u00f3rski, Instytut Metrologii Elektroniki i Informatyki<\/p>\n\n\n\n<ul id=\"block-cb65e789-8b39-49b7-91ab-078034ee4dcf\"><li>Mi\u0142osz Krysik<sup>1<\/sup>, Ryszard Rybski<sup>2<\/sup>, Krzysztof Piotrowski<sup>1<\/sup>: <em>Generic Energy Production on Model for Smart Grid Emulation<\/em><\/li><\/ul>\n\n\n\n<p id=\"block-7c7a5907-5585-4abd-ace3-efaba28b9825\"><sup>1<\/sup>IHP \u2013 Leibniz-Institut f\u00fcr innovative Mikroelektronik, Frankfurt (Oder), Germany<\/p>\n\n\n\n<p id=\"block-a5d211ef-653c-4293-8b69-8184962f483e\"><sup>2<\/sup>Uniwersytet Zielonog\u00f3rski, Instytut Metrologii Elektroniki i Informatyki<\/p>\n\n\n\n<ul id=\"block-89a3f08e-e056-49cd-9863-29014386dcb9\"><li>Jakub Maj<sup>1<\/sup>, Dariusz Eljasz<sup>2<\/sup>, Krzysztof Piotrowski<sup>1<\/sup>:<em> Analysis of&nbsp; Communication Parameters for Chosen LP-WAN Standards<\/em><\/li><\/ul>\n\n\n\n<p id=\"block-7a3f6fd8-63d9-4c64-9272-eb779aeea2ac\"><sup>1<\/sup>IHP \u2013 Leibniz-Institut f\u00fcr innovative Mikroelektronik, Frankfurt (Oder), Germany<\/p>\n\n\n\n<p id=\"block-1dab810f-bee5-4aba-89dd-2fa76a16b86b\"><sup>2<\/sup>Uniwersytet Zielonog\u00f3rski, Instytut Metrologii Elektroniki i Informatyki<\/p>\n\n\n\n<ul id=\"block-2b8d3e86-9f00-4f48-9360-a811169c4ae7\"><li><strong>\u00ad<\/strong>Emil Michta<sup>1<\/sup>, Krzysztof Piotrowski<sup>2<\/sup>, Piotr Powro\u017anik<sup>1<\/sup>,Ryszard Rybski<sup>1<\/sup>, Robert Szulim<sup>1<\/sup>,Urszula Ko\u0142odziejczyk<sup>3<\/sup>, Jakub Kostecki<sup>3<\/sup>: Flood Embankments Monitoring System<\/li><\/ul>\n\n\n\n<p id=\"block-f7b013ca-1cea-4582-8d38-63acae333204\"><sup>1<\/sup>Uniwersytet Zielonog\u00f3rski, Instytut Metrologii Elektroniki i Informatyki<\/p>\n\n\n\n<p id=\"block-1e59343f-01e9-43f5-b6a4-6b6712a3bd03\"><sup>2<\/sup>IHP \u2013 Leibniz-Institut f\u00fcr innovative Mikroelektronik, Frankfurt (Oder), Germany<\/p>\n\n\n\n<p id=\"block-cbbe3dd6-c1d2-4821-b234-4e12e78b5026\"><sup>3<\/sup>Uniwersytet Zielonog\u00f3rski, Instytut In\u017cynierii \u015arodowiska<\/p>\n\n\n\n<ul id=\"block-02aafcdd-ba72-4f39-b4e4-e7243258b8f4\"><li>Krzysztof Piotrowski<sup>1<\/sup>, Igor Koropiecki<sup>1<\/sup>, Przemys\u0142aw Zielony<sup>1<\/sup>, Piotr Powro\u017anik<sup>2<\/sup>,Robert Szulim<sup>2<\/sup>: <em>Mobile Application to Support Maintenance of Wireless Sensor Networks<\/em><\/li><\/ul>\n\n\n\n<p id=\"block-955e5958-0b59-42ec-9afc-26aa6cda241d\"><sup>1<\/sup>IHP \u2013 Leibniz-Institut f\u00fcr innovative Mikroelektronik, Frankfurt (Oder), Germany<\/p>\n\n\n\n<p id=\"block-73eed134-5ba8-4937-9493-19e937cc156e\"><sup>2<\/sup>Uniwersytet Zielonog\u00f3rski, Instytut Metrologii Elektroniki i Informatyki<\/p>\n\n\n\n<ul id=\"block-f7f7d5f9-7f17-457f-8fe0-043800ee341e\"><li><em>Krzysztof Turchan<sup>1<\/sup>, Emil Michta<sup>2<\/sup>, Krzysztof Piotrowski<sup>1<\/sup>: Low-Power Artificial Intelligence Based Sensors for Wireless Sensor Network Applications<\/em><\/li><\/ul>\n\n\n\n<p id=\"block-a7c49655-cce0-4774-ab3e-35faba768841\"><sup>1<\/sup>IHP \u2013 Leibniz-Institut f\u00fcr innovative Mikroelektronik, Frankfurt (Oder), Germany<\/p>\n\n\n\n<p id=\"block-ebdbf1b0-5a4d-4c5b-9281-6f6648451a1a\"><sup>2<\/sup>Uniwersytet Zielonog\u00f3rski, Instytut Metrologii Elektroniki i Informatyki<\/p>\n","protected":false},"excerpt":{"rendered":"<p>W dniach 14 \u2013 17 czerwca 2020 r. odby\u0142a si\u0119 w formule telekonferencji XIII Konferencja Naukowa \u201eSystemy Pomiarowe w Badaniach Naukowych i w Przemy\u015ble SP\u20192020\u201d. Konferencj\u0119 zorganizowa\u0142 Instytut Metrologii, Elektroniki i Informatyki Uniwersytetu Zielonog\u00f3rskiego pod patronatem Polskiego Towarzystwa Elektrotechniki Teoretycznej i Stosowanej. &nbsp; Organizowana w cyklu dwuletnim konferencja ju\u017c tradycyjnie jest miejscem prezentacji wynik\u00f3w prac &hellip; <a href=\"http:\/\/www.smartriver.uz.zgora.pl\/?page_id=213\" class=\"more-link\">Czytaj dalej <span class=\"screen-reader-text\">XIII Konferencja Systemy Pomiarowe w Badaniach Naukowych i w Przemy\u015ble SP\u20192020<\/span><\/a><\/p>\n","protected":false},"author":1,"featured_media":0,"parent":0,"menu_order":0,"comment_status":"closed","ping_status":"closed","template":"","meta":[],"_links":{"self":[{"href":"http:\/\/www.smartriver.uz.zgora.pl\/index.php?rest_route=\/wp\/v2\/pages\/213"}],"collection":[{"href":"http:\/\/www.smartriver.uz.zgora.pl\/index.php?rest_route=\/wp\/v2\/pages"}],"about":[{"href":"http:\/\/www.smartriver.uz.zgora.pl\/index.php?rest_route=\/wp\/v2\/types\/page"}],"author":[{"embeddable":true,"href":"http:\/\/www.smartriver.uz.zgora.pl\/index.php?rest_route=\/wp\/v2\/users\/1"}],"replies":[{"embeddable":true,"href":"http:\/\/www.smartriver.uz.zgora.pl\/index.php?rest_route=%2Fwp%2Fv2%2Fcomments&post=213"}],"version-history":[{"count":2,"href":"http:\/\/www.smartriver.uz.zgora.pl\/index.php?rest_route=\/wp\/v2\/pages\/213\/revisions"}],"predecessor-version":[{"id":235,"href":"http:\/\/www.smartriver.uz.zgora.pl\/index.php?rest_route=\/wp\/v2\/pages\/213\/revisions\/235"}],"wp:attachment":[{"href":"http:\/\/www.smartriver.uz.zgora.pl\/index.php?rest_route=%2Fwp%2Fv2%2Fmedia&parent=213"}],"curies":[{"name":"wp","href":"https:\/\/api.w.org\/{rel}","templated":true}]}}