{"id":20,"date":"2020-02-13T10:20:09","date_gmt":"2020-02-13T09:20:09","guid":{"rendered":"http:\/\/www.smartriver.imei.uz.zgora.pl\/?page_id=20"},"modified":"2023-03-27T13:41:00","modified_gmt":"2023-03-27T11:41:00","slug":"wydarzenia","status":"publish","type":"page","link":"http:\/\/www.smartriver.uz.zgora.pl\/?page_id=20","title":{"rendered":"Wydarzenia pl"},"content":{"rendered":"\n<figure class=\"wp-block-image size-large\"><img loading=\"lazy\" width=\"1024\" height=\"222\" src=\"http:\/\/www.smartriver.uz.zgora.pl\/wp-content\/uploads\/2021\/01\/intereg-1024x222.png\" alt=\"\" class=\"wp-image-144\" srcset=\"http:\/\/www.smartriver.uz.zgora.pl\/wp-content\/uploads\/2021\/01\/intereg-1024x222.png 1024w, http:\/\/www.smartriver.uz.zgora.pl\/wp-content\/uploads\/2021\/01\/intereg-300x65.png 300w, http:\/\/www.smartriver.uz.zgora.pl\/wp-content\/uploads\/2021\/01\/intereg-768x167.png 768w, http:\/\/www.smartriver.uz.zgora.pl\/wp-content\/uploads\/2021\/01\/intereg.png 1042w\" sizes=\"(max-width: 1024px) 100vw, 1024px\" \/><\/figure>\n\n\n\n<h2>Wydarzenia<\/h2>\n\n\n\n<hr class=\"wp-block-separator has-text-color has-dark-gray-color has-css-opacity has-dark-gray-background-color has-background is-style-wide\"\/>\n\n\n\n<p><strong>Drugie Niemiecko \u2013 Polskie Warsztaty<\/strong><\/p>\n\n\n\n<div class=\"wp-container-3 wp-block-columns\">\n<div class=\"wp-container-1 wp-block-column\" style=\"flex-basis:33.33%\">\n<figure class=\"wp-block-image size-full is-resized\"><img loading=\"lazy\" src=\"http:\/\/www.smartriver.uz.zgora.pl\/wp-content\/uploads\/2022\/10\/workshop-1.jpg\" alt=\"\" class=\"wp-image-422\" width=\"182\" height=\"170\" srcset=\"http:\/\/www.smartriver.uz.zgora.pl\/wp-content\/uploads\/2022\/10\/workshop-1.jpg 574w, http:\/\/www.smartriver.uz.zgora.pl\/wp-content\/uploads\/2022\/10\/workshop-1-300x280.jpg 300w\" sizes=\"(max-width: 182px) 100vw, 182px\" \/><\/figure>\n<\/div>\n\n\n\n<div class=\"wp-container-2 wp-block-column\" style=\"flex-basis:66.66%\">\n<p>Uprzejmie informujemy, \u017ce w dniu 22 marca 2023 roku, w godzinach od 10:00 do 15:00, odby\u0142y si\u0119 drugie warsztaty &#8220;SmartRiver &#8211; Inteligentne Nadodrze: Koncepcja systemu monitoringu parametr\u00f3w \u015brodowiskowych&#8221;. <a href=\"http:\/\/www.smartriver.uz.zgora.pl\/?page_id=515\">Wi\u0119cej informacji.<\/a><\/p>\n<\/div>\n<\/div>\n\n\n\n<hr class=\"wp-block-separator has-text-color has-dark-gray-color has-css-opacity has-dark-gray-background-color has-background is-style-wide\"\/>\n\n\n\n<p><strong>XIV Konferencja<\/strong><br><strong>Systemy Pomiarowe<\/strong> <strong>w Badaniach Naukowych i w Przemy\u015ble SP\u20192022<\/strong><\/p>\n\n\n\n<div class=\"wp-container-6 wp-block-columns\">\n<div class=\"wp-container-4 wp-block-column\" style=\"flex-basis:33.33%\">\n<figure class=\"wp-block-image size-large is-resized is-style-default\"><a href=\"http:\/\/www.sp2022.imei.uz.zgora.pl\/\"><img loading=\"lazy\" src=\"http:\/\/www.smartriver.uz.zgora.pl\/wp-content\/uploads\/2022\/08\/sp22.jpg\" alt=\"\" class=\"wp-image-385\" width=\"185\" height=\"152\" srcset=\"http:\/\/www.smartriver.uz.zgora.pl\/wp-content\/uploads\/2022\/08\/sp22.jpg 330w, http:\/\/www.smartriver.uz.zgora.pl\/wp-content\/uploads\/2022\/08\/sp22-300x248.jpg 300w\" sizes=\"(max-width: 185px) 100vw, 185px\" \/><\/a><\/figure>\n<\/div>\n\n\n\n<div class=\"wp-container-5 wp-block-column\" style=\"flex-basis:66.66%\">\n<p>W dniach 12 \u2013 15 czerwca 2022 r. odby\u0142a si\u0119 w \u0141agowie XIV Konferencja Naukowa \u201eSystemy Pomiarowe w Badaniach Naukowych i w Przemy\u015ble SP\u20192020\u201d<strong>. <\/strong>Konferencj\u0119 zorganizowa\u0142 Instytut Metrologii, Elektroniki i Informatyki Uniwersytetu Zielonog\u00f3rskiego pod patronatem Polskiego Towarzystwa Elektrotechniki Teoretycznej i Stosowanej. <a href=\"http:\/\/www.smartriver.uz.zgora.pl\/?page_id=388\">Wi\u0119cej informacji.<\/a><\/p>\n<\/div>\n<\/div>\n\n\n\n<hr class=\"wp-block-separator has-text-color has-dark-gray-color has-css-opacity has-dark-gray-background-color has-background is-style-wide\"\/>\n\n\n\n<p><strong>Niemiecko \u2013 Polskie Warsztaty<\/strong><\/p>\n\n\n\n<div class=\"wp-container-9 wp-block-columns\">\n<div class=\"wp-container-7 wp-block-column\" style=\"flex-basis:33.33%\">\n<figure class=\"wp-block-image size-full is-resized\"><img loading=\"lazy\" src=\"http:\/\/www.smartriver.uz.zgora.pl\/wp-content\/uploads\/2022\/10\/workshop-1.jpg\" alt=\"\" class=\"wp-image-422\" width=\"182\" height=\"170\" srcset=\"http:\/\/www.smartriver.uz.zgora.pl\/wp-content\/uploads\/2022\/10\/workshop-1.jpg 574w, http:\/\/www.smartriver.uz.zgora.pl\/wp-content\/uploads\/2022\/10\/workshop-1-300x280.jpg 300w\" sizes=\"(max-width: 182px) 100vw, 182px\" \/><\/figure>\n<\/div>\n\n\n\n<div class=\"wp-container-8 wp-block-column\" style=\"flex-basis:66.66%\">\n<p>W dniu 24 wrze\u015bnia 2021 roku w godzinach od 10:00 do 15:00 odby\u0142y si\u0119 zdalne warsztaty \u201cSmartRiver \u2013 Inteligentne Nadodrze: Koncepcja systemu monitoringu parametr\u00f3w \u015brodowiskowych\u201d. Organizatorami warsztat\u00f3w s\u0105 IHP \u2013Instytut Leibniza dla Innowacyjnej Elektroniki z Frankfurtu nad Odr\u0105 oraz Uniwersytet Zielonog\u00f3rski (UZ).  <a href=\"http:\/\/www.smartriver.uz.zgora.pl\/?page_id=304\" data-type=\"URL\" data-id=\"http:\/\/www.smartriver.uz.zgora.pl\/?page_id=304\">Wi\u0119cej informacji. <\/a><\/p>\n<\/div>\n<\/div>\n\n\n\n<hr class=\"wp-block-separator has-text-color has-dark-gray-color has-css-opacity has-dark-gray-background-color has-background is-style-wide\"\/>\n\n\n\n<p><strong>XIII Konferencja <\/strong><br><strong>Systemy Pomiarowe<\/strong> <strong>w Badaniach Naukowych i w Przemy\u015ble SP\u20192020<\/strong> <\/p>\n\n\n\n<div class=\"wp-container-12 wp-block-columns\">\n<div class=\"wp-container-10 wp-block-column\" style=\"flex-basis:33.33%\"><div class=\"wp-block-image is-style-default\">\n<figure class=\"alignleft size-thumbnail\"><img loading=\"lazy\" width=\"150\" height=\"150\" src=\"http:\/\/www.smartriver.uz.zgora.pl\/wp-content\/uploads\/2021\/02\/SP2020-150x150.png\" alt=\"\" class=\"wp-image-231\"\/><\/figure><\/div><\/div>\n\n\n\n<div class=\"wp-container-11 wp-block-column\" style=\"flex-basis:66.66%\">\n<p>W dniach 14 \u2013 17 czerwca 2020 r. odby\u0142a si\u0119 w formule telekonferencji XIII Konferencja Naukowa \u201eSystemy Pomiarowe w Badaniach Naukowych i w Przemy\u015ble SP\u20192020\u201d<strong>. <\/strong>Konferencj\u0119 zorganizowa\u0142 Instytut Metrologii, Elektroniki i Informatyki Uniwersytetu Zielonog\u00f3rskiego pod patronatem Polskiego Towarzystwa Elektrotechniki Teoretycznej i Stosowanej.  <a href=\"http:\/\/www.smartriver.uz.zgora.pl\/?page_id=213\">Wi\u0119cej informacji<\/a><\/p>\n<\/div>\n<\/div>\n\n\n\n<hr class=\"wp-block-separator has-text-color has-dark-gray-color has-css-opacity has-dark-gray-background-color has-background is-style-wide\"\/>\n\n\n\n<p><strong>Konferencja \u201eRetencja wody w polderze Milsko\u201d, Uniwersytet Zielonog\u00f3rski, Zielona G\u00f3ra, 10.10.2019 r.<\/strong><\/p>\n\n\n\n<div class=\"wp-container-15 wp-block-columns\">\n<div class=\"wp-container-13 wp-block-column\" style=\"flex-basis:33.33%\">\n<figure class=\"wp-block-image size-large is-resized is-style-default\"><img loading=\"lazy\" src=\"http:\/\/www.smartriver.uz.zgora.pl\/wp-content\/uploads\/2021\/02\/1a.png\" alt=\"\" class=\"wp-image-246\" width=\"211\" height=\"102\" srcset=\"http:\/\/www.smartriver.uz.zgora.pl\/wp-content\/uploads\/2021\/02\/1a.png 605w, http:\/\/www.smartriver.uz.zgora.pl\/wp-content\/uploads\/2021\/02\/1a-300x146.png 300w\" sizes=\"(max-width: 211px) 100vw, 211px\" \/><\/figure>\n<\/div>\n\n\n\n<div class=\"wp-container-14 wp-block-column\" style=\"flex-basis:66.66%\">\n<p>Dnia 10 pa\u017adziernika 2019 r. w Instytucie In\u017cynierii \u015arodowiska, na Wydziale Budownictwa, Architektury i In\u017cynierii \u015arodowiska Uniwersytetu Zielonog\u00f3rskiego odby\u0142a si\u0119 Konferencja Naukowa pt. Retencja wody w Polderze Milsko. Referat wprowadzaj\u0105cy pt. Ochrona przeciwpowodziowa \u015arodkowego Nadodrza wyg\u0142osi\u0142a dr hab. Urszula Ko\u0142odziejczyk, prof UZ. <a href=\"http:\/\/www.smartriver.uz.zgora.pl\/?page_id=245\">Wi\u0119cej informacji<\/a><\/p>\n<\/div>\n<\/div>\n\n\n\n<hr class=\"wp-block-separator has-text-color has-dark-gray-color has-css-opacity has-dark-gray-background-color has-background is-style-wide\"\/>\n\n\n\n<p><strong>Uniwersytet Zielonog\u00f3rski i IHP otwieraj\u0105 Joint Lab oraz rozpoczynaj\u0105 realizacj\u0119 wsp\u00f3lnego projektu SmartRiver<\/strong><\/p>\n\n\n\n<div class=\"wp-container-18 wp-block-columns\">\n<div class=\"wp-container-16 wp-block-column\" style=\"flex-basis:33.33%\">\n<figure class=\"wp-block-image size-large is-resized is-style-default\"><img loading=\"lazy\" src=\"http:\/\/www.smartriver.uz.zgora.pl\/wp-content\/uploads\/2021\/02\/sr-meet.png\" alt=\"\" class=\"wp-image-237\" width=\"165\" height=\"127\" srcset=\"http:\/\/www.smartriver.uz.zgora.pl\/wp-content\/uploads\/2021\/02\/sr-meet.png 411w, http:\/\/www.smartriver.uz.zgora.pl\/wp-content\/uploads\/2021\/02\/sr-meet-300x232.png 300w\" sizes=\"(max-width: 165px) 100vw, 165px\" \/><\/figure>\n<\/div>\n\n\n\n<div class=\"wp-container-17 wp-block-column\" style=\"flex-basis:66.66%\">\n<p>W dniu 2 lipca 2019&nbsp;r., w sali Senatu Uniwersytetu Zielonog\u00f3rskiego, Prorektor ds. studenckich prof. Wojciech Strzy\u017cewski oraz Dyrektor naukowo-techniczny IHP \u2013 Instytutu Leibniza dla Innowacyjnej Mikroelektroniki prof. dr Bernd Tillack podpisali aneks do umowy o wsp\u00f3\u0142pracy dotycz\u0105cy otwarcia wsp\u00f3lnego laboratorium. Joint Lab nosi nazw\u0119 <em>Distributed Measurement Systems and Wireless Sensor Networks<\/em>.  <a href=\"http:\/\/www.smartriver.uz.zgora.pl\/?page_id=238\" data-type=\"URL\" data-id=\"http:\/\/www.smartriver.uz.zgora.pl\/?page_id=238\">Wi\u0119cej informacji<\/a><\/p>\n<\/div>\n<\/div>\n\n\n\n<p><\/p>\n","protected":false},"excerpt":{"rendered":"<p>Wydarzenia Drugie Niemiecko \u2013 Polskie Warsztaty Uprzejmie informujemy, \u017ce w dniu 22 marca 2023 roku, w godzinach od 10:00 do 15:00, odby\u0142y si\u0119 drugie warsztaty &#8220;SmartRiver &#8211; Inteligentne Nadodrze: Koncepcja systemu monitoringu parametr\u00f3w \u015brodowiskowych&#8221;. Wi\u0119cej informacji. XIV KonferencjaSystemy Pomiarowe w Badaniach Naukowych i w Przemy\u015ble SP\u20192022 W dniach 12 \u2013 15 czerwca 2022 r. odby\u0142a &hellip; <a href=\"http:\/\/www.smartriver.uz.zgora.pl\/?page_id=20\" class=\"more-link\">Czytaj dalej <span class=\"screen-reader-text\">Wydarzenia pl<\/span><\/a><\/p>\n","protected":false},"author":1,"featured_media":0,"parent":0,"menu_order":0,"comment_status":"closed","ping_status":"closed","template":"","meta":[],"_links":{"self":[{"href":"http:\/\/www.smartriver.uz.zgora.pl\/index.php?rest_route=\/wp\/v2\/pages\/20"}],"collection":[{"href":"http:\/\/www.smartriver.uz.zgora.pl\/index.php?rest_route=\/wp\/v2\/pages"}],"about":[{"href":"http:\/\/www.smartriver.uz.zgora.pl\/index.php?rest_route=\/wp\/v2\/types\/page"}],"author":[{"embeddable":true,"href":"http:\/\/www.smartriver.uz.zgora.pl\/index.php?rest_route=\/wp\/v2\/users\/1"}],"replies":[{"embeddable":true,"href":"http:\/\/www.smartriver.uz.zgora.pl\/index.php?rest_route=%2Fwp%2Fv2%2Fcomments&post=20"}],"version-history":[{"count":33,"href":"http:\/\/www.smartriver.uz.zgora.pl\/index.php?rest_route=\/wp\/v2\/pages\/20\/revisions"}],"predecessor-version":[{"id":639,"href":"http:\/\/www.smartriver.uz.zgora.pl\/index.php?rest_route=\/wp\/v2\/pages\/20\/revisions\/639"}],"wp:attachment":[{"href":"http:\/\/www.smartriver.uz.zgora.pl\/index.php?rest_route=%2Fwp%2Fv2%2Fmedia&parent=20"}],"curies":[{"name":"wp","href":"https:\/\/api.w.org\/{rel}","templated":true}]}}