{"id":194,"date":"2021-02-18T12:37:35","date_gmt":"2021-02-18T11:37:35","guid":{"rendered":"http:\/\/www.smartriver.uz.zgora.pl\/?page_id=194"},"modified":"2023-03-13T11:54:24","modified_gmt":"2023-03-13T10:54:24","slug":"veroeffentlichungen","status":"publish","type":"page","link":"http:\/\/www.smartriver.uz.zgora.pl\/?page_id=194&lang=de","title":{"rendered":"Publikationen de"},"content":{"rendered":"\n<figure class=\"wp-block-image size-large\"><img loading=\"lazy\" width=\"1024\" height=\"222\" src=\"http:\/\/www.smartriver.uz.zgora.pl\/wp-content\/uploads\/2021\/01\/intereg-1-1024x222.png\" alt=\"\" class=\"wp-image-146\" srcset=\"http:\/\/www.smartriver.uz.zgora.pl\/wp-content\/uploads\/2021\/01\/intereg-1-1024x222.png 1024w, http:\/\/www.smartriver.uz.zgora.pl\/wp-content\/uploads\/2021\/01\/intereg-1-300x65.png 300w, http:\/\/www.smartriver.uz.zgora.pl\/wp-content\/uploads\/2021\/01\/intereg-1-768x167.png 768w, http:\/\/www.smartriver.uz.zgora.pl\/wp-content\/uploads\/2021\/01\/intereg-1.png 1042w\" sizes=\"(max-width: 1024px) 100vw, 1024px\" \/><\/figure>\n\n\n\n<h2> Publikationen<\/h2>\n\n\n\n<p style=\"font-size:15px\">[1<strong>] Generic energy production model for smart grid emulation, <\/strong>Mi\u0142osz Krysik, Krzysztof Piotrowski, Ryszard Rybski; Measurement Systems in Theory and in Practice, ed. by R. Rybski, <strong>2020<\/strong>, Zielona G\u00f3ra, Institute of Metrology, Electronics and Computer Science, University of Zielona G\u00f3ra, pp. 107-124, ISBN: 9788395771613, <a rel=\"noreferrer noopener\" href=\"https:\/\/zbc.uz.zgora.pl\/dlibra\/publication\/67215\/edition\/59695\/content?ref=struct\" target=\"_blank\">pdf<\/a><\/p>\n\n\n\n<p style=\"font-size:15px\">[2] <strong>Flood embankments monitoring system in on-line mode<\/strong>, Emil Michta, Piotr Powro\u017anik, Ryszard Rybski, Robert Szulim, Krzysztof Piotrowski, Urszula Ko\u0142odziejczyk, Jakub Kostecki; Measurement Systems in Theory and in Practice, ed. by R. Rybski, <strong>2020<\/strong>, Zielona G\u00f3ra, Institute of Metrology, Electronics and Computer Science, University of Zielona G\u00f3ra, pp. 139-158, ISBN: 9788395771613, <a href=\"https:\/\/zbc.uz.zgora.pl\/dlibra\/publication\/67217\/edition\/59697\/content?ref=struct\" target=\"_blank\" rel=\"noreferrer noopener\">pdf<\/a><\/p>\n\n\n\n<p style=\"font-size:15px\">[3] <strong>Generic energy production model for smart grid emulation<\/strong>, 2020. Mi\u0142osz Krysik, Ryszard Rybski, Krzysztof Piotrowski; Proc. 13<sup>th<\/sup> Scientific Conference on Measurement Systems in Research and in Industry (MS 2020), <strong>2020<\/strong>, Zielona G\u00f3ra, Institute of Metrology, Electronics and Computer Science, University of Zielona G\u00f3ra, pp. 49-52, ISBN: 9788395771606, <a href=\"https:\/\/zbc.uz.zgora.pl\/dlibra\/publication\/67282\/edition\/59757\/content?ref=struct\" target=\"_blank\" rel=\"noreferrer noopener\">pdf<\/a><\/p>\n\n\n\n<p style=\"font-size:15px\">[4] <strong>Analysis of communication parameters for chosen LP-WAN standards<\/strong>, Jakub Maj, Dariusz Eljasz, Krzysztof Piotrowski; Proc. 13<sup>th<\/sup> Scientific Conference on Measurement Systems in Research and in Industry (MS 2020), <strong>2020<\/strong>, Zielona G\u00f3ra, Institute of Metrology, Electronics and Computer Science, University of Zielona G\u00f3ra, pp. 57-60, ISBN: 9788395771606, <a href=\"https:\/\/zbc.uz.zgora.pl\/dlibra\/publication\/67283\/edition\/59758\/content?ref=struct\" target=\"_blank\" rel=\"noreferrer noopener\">pdf<\/a><\/p>\n\n\n\n<p style=\"font-size:15px\">[5] <strong>Flood embankments monitoring system<\/strong>; Emil Michta, Krzysztof Piotrowski, Piotr Powro\u017anik, Ryszard Rybski, Robert Szulim, Urszula Ko\u0142odziejczyk, Jakub Kostecki; &nbsp;Proc. 13<sup>th<\/sup> Scientific Conference on Measurement Systems in Research and in Industry (MS 2020), <strong>2020<\/strong>, Zielona G\u00f3ra, Institute of Metrology, Electronics and Computer Science, University of Zielona G\u00f3ra, pp. 65-68, ISBN: 9788395771606, <a href=\"https:\/\/zbc.uz.zgora.pl\/dlibra\/publication\/67285\/edition\/59760\/content?ref=struct\" target=\"_blank\" rel=\"noreferrer noopener\">pdf<\/a><\/p>\n\n\n\n<p style=\"font-size:15px\">[6] <strong>Mobile application to support maintenance of wireless sensor networks<\/strong>, 2020. Krzysztof Piotrowski, Igor Koropiecki, Przemys\u0142aw Zielony, Piotr Powro\u017anik, Robert Szulim; Proc. 13<sup>th<\/sup> Scientific Conference on Measurement Systems in Research and in Industry (MS 2020), <strong>2020<\/strong>, Zielona G\u00f3ra, Institute of Metrology, Electronics and Computer Science, University of Zielona G\u00f3ra, pp. 81-84, ISBN: 9788395771606, <a href=\"https:\/\/zbc.uz.zgora.pl\/dlibra\/publication\/67288\/edition\/59763\/content?ref=struct\" target=\"_blank\" rel=\"noreferrer noopener\">pdf<\/a><\/p>\n\n\n\n<p style=\"font-size:15px\">[7] <strong>Low-power artificial intelligence based sensors for wireless sensor network applications<\/strong>, 2020. Krzysztof Turchan, Emil Michta, Krzysztof Piotrowski; Proc. 13<sup>th<\/sup> Scientific Conference on Measurement Systems in Research and in Industry (MS 2020), <strong>2020<\/strong>, Zielona G\u00f3ra, Institute of Metrology, Electronics and Computer Science, University of Zielona G\u00f3ra, pp. 105-108, ISBN: 9788395771606, <a href=\"https:\/\/zbc.uz.zgora.pl\/dlibra\/publication\/67292\/edition\/59767\/content?ref=struct\" target=\"_blank\" rel=\"noreferrer noopener\">pdf<\/a><\/p>\n\n\n\n<p style=\"font-size:15px\">[8] <strong>SMARTDSM: Data Space Middleware for Distributed Measurement Systems<\/strong>, 2022, Igor Koropiecki , Krzysztof Piotrowski , Robert Szulim; Proc. 14th Scientific Conference on Measurement Systems in Research and in Industry (MS 2022), 2022, Zielona G\u00f3ra, Institute of Metrology, Electronics and Computer Science, University of Zielona G\u00f3ra, s. 37&#8211;40, ISBN: 9788395771620, <a rel=\"noreferrer noopener\" href=\"https:\/\/zbc.uz.zgora.pl\/repozytorium\/dlibra\/publication\/71086\/edition\/64254\" target=\"_blank\">pdf<\/a><\/p>\n\n\n\n<p style=\"font-size:15px\"><strong>[9] Idea of monitoring internal processes of distributed solar inverters<\/strong>, 2022, Mi\u0142osz Krysik , Krzysztof Piotrowski , Ryszard Rybski,Proc. 14th Scientific Conference on Measurement Systems in Research and in Industry (MS 2022), 2022, Zielona G\u00f3ra, Institute of Metrology, Electronics and Computer Science, University of Zielona G\u00f3ra, s. 49\u201352, ISBN: 9788395771620, <a rel=\"noreferrer noopener\" href=\"https:\/\/zbc.uz.zgora.pl\/repozytorium\/dlibra\/publication\/71087\/edition\/64255\" target=\"_blank\">pdf<\/a><\/p>\n\n\n\n<p style=\"font-size:15px\">[10] <strong>System do zdalnego monitorowania stanu wa\u0142u przeciwpowodziowego nad Odr\u0105<\/strong>, 2022, \u0141ukasz Macioszek , Norbert \u0141ukaniszyn , Ryszard Rybski , Jakub Kostecki , Urszula Ko\u0142odziejczyk , Krzysztof Piotrowski;Proc. 14th Scientific Conference on Measurement Systems in Research and in Industry (MS 2022), 2022, Zielona G\u00f3ra, Institute of Metrology, Electronics and Computer Science, University of Zielona G\u00f3ra, s. 57&#8211;60, ISBN: 9788395771620, <a rel=\"noreferrer noopener\" href=\"https:\/\/zbc.uz.zgora.pl\/repozytorium\/dlibra\/publication\/71088\/edition\/64256\" target=\"_blank\">pdf<\/a><\/p>\n\n\n\n<p style=\"font-size:15px\">[11] <strong>KANGAROO: Multi-hop protocol stack for Smart City sensor networks<\/strong>, 2022, Jakub Maj , Krzysztof Piotrowski , Emil Michta; Proc. 14th Scientific Conference on Measurement Systems in Research and in Industry (MS 2022), 2022, Zielona G\u00f3ra, Institute of Metrology, Electronics and Computer Science, University of Zielona G\u00f3ra, s. 61&#8211;64, ISBN: 9788395771620, <a rel=\"noreferrer noopener\" href=\"https:\/\/zbc.uz.zgora.pl\/repozytorium\/dlibra\/publication\/71089\/edition\/64257\" target=\"_blank\">pdf<\/a><\/p>\n\n\n\n<p style=\"font-size:15px\">[12] <strong>Zastosowanie technologii reflektometrii w dziedzinie czasu do bada\u0144 parametr\u00f3w grunt\u00f3w<\/strong>, 2022, Ryszard Rybski , J. N. Fry , Jakub Kostecki , Krzysztof Piotrowski; Proc. 14th Scientific Conference on Measurement Systems in Research and in Industry (MS 2022), 2022, Zielona G\u00f3ra, Institute of Metrology, Electronics and Computer Science, University of Zielona G\u00f3ra, s. 85&#8211;88, ISBN: 9788395771620, <a rel=\"noreferrer noopener\" href=\"https:\/\/zbc.uz.zgora.pl\/repozytorium\/dlibra\/publication\/71090\/edition\/64258\" target=\"_blank\">pdf<\/a><\/p>\n\n\n\n<p style=\"font-size:15px\">[13] <strong>Graphical user interface in the SmartRiver system<\/strong>, 2022, Robert Szulim , Piotr Powro\u017anik , Emil Michta , Krzysztof Piotrowski , Igor Koropiecki; Proc. 14th Scientific Conference on Measurement Systems in Research and in Industry (MS 2022), 2022, Zielona G\u00f3ra, Institute of Metrology, Electronics and Computer Science, University of Zielona G\u00f3ra, s. 97&#8211;100, ISBN: 9788395771620, <a rel=\"noreferrer noopener\" href=\"https:\/\/zbc.uz.zgora.pl\/repozytorium\/dlibra\/publication\/71091\/edition\/64259\" target=\"_blank\">pdf<\/a><\/p>\n\n\n\n<p style=\"font-size:15px\">[14] <strong>Emulation as a means to evaluate energy management algorithms<\/strong>, 2022, Krzysztof Turchan , Krzysztof Piotrowski , Mi\u0142osz Krysik , Igor Koropiecki , Piotr Powro\u017anik; Proc. 14th Scientific Conference on Measurement Systems in Research and in Industry (MS 2022), 2022, Zielona G\u00f3ra, Institute of Metrology, Electronics and Computer Science, University of Zielona G\u00f3ra, s. 105&#8211;108, ISBN: 9788395771620, <a rel=\"noreferrer noopener\" href=\"https:\/\/zbc.uz.zgora.pl\/repozytorium\/dlibra\/publication\/71092\/edition\/64260\" target=\"_blank\">pdf<\/a><\/p>\n\n\n\n<p style=\"font-size:15px\">[15] <strong>Efficient and flexible intelligence on the edge<\/strong>, 2022, Krzysztof Turchan , Krzysztof Piotrowski , Emil Michta; Proc. 14th Scientific Conference on Measurement Systems in Research and in Industry (MS 2022), 2022, Zielona G\u00f3ra, Institute of Metrology, Electronics and Computer Science, University of Zielona G\u00f3ra, s. 109&#8211;112, ISBN: 9788395771620, <a rel=\"noreferrer noopener\" href=\"https:\/\/zbc.uz.zgora.pl\/repozytorium\/dlibra\/publication\/71093\/edition\/64261\" target=\"_blank\">pdf<\/a><\/p>\n\n\n\n<p style=\"font-size:15px\">[16] <strong>Modular AI applications following the Sens4U approach<\/strong>, 2022, Kamil Wo\u0142oszyn , Emil Michta , Krzysztof Piotrowski; Proc. 14th Scientific Conference on Measurement Systems in Research and in Industry (MS 2022), 2022, Zielona G\u00f3ra, Institute of Metrology, Electronics and Computer Science, University of Zielona G\u00f3ra, s. 117&#8211;120, ISBN: 9788395771620, <a rel=\"noreferrer noopener\" href=\"https:\/\/zbc.uz.zgora.pl\/repozytorium\/dlibra\/publication\/71094\/edition\/64273\" data-type=\"URL\" data-id=\"https:\/\/zbc.uz.zgora.pl\/repozytorium\/dlibra\/publication\/71094\/edition\/64273\" target=\"_blank\">pdf<\/a><\/p>\n\n\n\n<p style=\"font-size:15px\">[17] <strong>TINYDSM: Data-oriented middleware for low-power IoT<\/strong>, 2022, Przemys\u0142aw Zielony , Emil Michta , Krzysztof Piotrowski; Proc. 14th Scientific Conference on Measurement Systems in Research and in Industry (MS 2022), 2022, Zielona G\u00f3ra, Institute of Metrology, Electronics and Computer Science, University of Zielona G\u00f3ra, s. 121&#8211;124, ISBN: 9788395771620, <a rel=\"noreferrer noopener\" href=\"https:\/\/zbc.uz.zgora.pl\/repozytorium\/dlibra\/publication\/71095\/edition\/64274\" target=\"_blank\">pdf<\/a><\/p>\n","protected":false},"excerpt":{"rendered":"<p>Publikationen [1] Generic energy production model for smart grid emulation, Mi\u0142osz Krysik, Krzysztof Piotrowski, Ryszard Rybski; Measurement Systems in Theory and in Practice, ed. by R. Rybski, 2020, Zielona G\u00f3ra, Institute of Metrology, Electronics and Computer Science, University of Zielona G\u00f3ra, pp. 107-124, ISBN: 9788395771613, pdf [2] Flood embankments monitoring system in on-line mode, Emil &hellip; <a href=\"http:\/\/www.smartriver.uz.zgora.pl\/?page_id=194&#038;lang=de\" class=\"more-link\">Czytaj dalej <span class=\"screen-reader-text\">Publikationen de<\/span><\/a><\/p>\n","protected":false},"author":1,"featured_media":0,"parent":0,"menu_order":0,"comment_status":"closed","ping_status":"closed","template":"","meta":[],"_links":{"self":[{"href":"http:\/\/www.smartriver.uz.zgora.pl\/index.php?rest_route=\/wp\/v2\/pages\/194"}],"collection":[{"href":"http:\/\/www.smartriver.uz.zgora.pl\/index.php?rest_route=\/wp\/v2\/pages"}],"about":[{"href":"http:\/\/www.smartriver.uz.zgora.pl\/index.php?rest_route=\/wp\/v2\/types\/page"}],"author":[{"embeddable":true,"href":"http:\/\/www.smartriver.uz.zgora.pl\/index.php?rest_route=\/wp\/v2\/users\/1"}],"replies":[{"embeddable":true,"href":"http:\/\/www.smartriver.uz.zgora.pl\/index.php?rest_route=%2Fwp%2Fv2%2Fcomments&post=194"}],"version-history":[{"count":14,"href":"http:\/\/www.smartriver.uz.zgora.pl\/index.php?rest_route=\/wp\/v2\/pages\/194\/revisions"}],"predecessor-version":[{"id":573,"href":"http:\/\/www.smartriver.uz.zgora.pl\/index.php?rest_route=\/wp\/v2\/pages\/194\/revisions\/573"}],"wp:attachment":[{"href":"http:\/\/www.smartriver.uz.zgora.pl\/index.php?rest_route=%2Fwp%2Fv2%2Fmedia&parent=194"}],"curies":[{"name":"wp","href":"https:\/\/api.w.org\/{rel}","templated":true}]}}