{"id":11,"date":"2020-02-13T10:19:46","date_gmt":"2020-02-13T09:19:46","guid":{"rendered":"http:\/\/www.smartriver.imei.uz.zgora.pl\/?page_id=11"},"modified":"2023-03-13T11:48:13","modified_gmt":"2023-03-13T10:48:13","slug":"o-projekcie","status":"publish","type":"page","link":"http:\/\/www.smartriver.uz.zgora.pl\/?page_id=11","title":{"rendered":"O projekcie pl"},"content":{"rendered":"\n<figure class=\"wp-block-image size-large\"><img loading=\"lazy\" width=\"1024\" height=\"222\" src=\"http:\/\/www.smartriver.uz.zgora.pl\/wp-content\/uploads\/2021\/01\/intereg-1024x222.png\" alt=\"\" class=\"wp-image-144\" srcset=\"http:\/\/www.smartriver.uz.zgora.pl\/wp-content\/uploads\/2021\/01\/intereg-1024x222.png 1024w, http:\/\/www.smartriver.uz.zgora.pl\/wp-content\/uploads\/2021\/01\/intereg-300x65.png 300w, http:\/\/www.smartriver.uz.zgora.pl\/wp-content\/uploads\/2021\/01\/intereg-768x167.png 768w, http:\/\/www.smartriver.uz.zgora.pl\/wp-content\/uploads\/2021\/01\/intereg.png 1042w\" sizes=\"(max-width: 1024px) 100vw, 1024px\" \/><\/figure>\n\n\n\n<h2>O projekcie<\/h2>\n\n\n\n<p>Transgraniczny projekt pod nazw\u0105 Smart River \u2013 Inteligentne Nadodrze jest realizowany wsp\u00f3lnie przez instytut&nbsp;<a href=\"https:\/\/www.ihp-microelectronics.com\/en\/start.html\">IHP \u2013 Instytut Leibniza dla Innowacyjnej Mikroelektroniki z Frankfurtu nad Odr\u0105<\/a>&nbsp;oraz Uniwersytet Zielonog\u00f3rski w ramach&nbsp;<a href=\"https:\/\/interregva-bb-pl.eu\/pl\/\">Programu Wsp\u00f3\u0142pracy INTERREG VA Brandenburgia-Polska<\/a>. Konkurs zosta\u0142 rozstrzygni\u0119ty w ostatnich dniach lutego 2019 r. Decyzj\u0105 Komitetu Monitoruj\u0105cego projekt otrzyma\u0142 dofinansowanie w wysoko\u015bci nieco ponad 1,1 mln EURO ze \u015brodk\u00f3w Europejskiego Funduszu Rozwoju Regionalnego (EFRR). Celem Programu INTERREG VA jest pokonywanie przeszk\u00f3d zwi\u0105zanych z istnieniem granicy pomi\u0119dzy Brandenburgi\u0105 i Polsk\u0105, a przez to wsparcie procesu integracji europejskiej. Na ten cel fundusz EFRR przeznacza do 2020 roku oko\u0142o 100 Milion\u00f3w Euro.<\/p>\n\n\n\n<p>Smart River jest projektem naukowo-badawczym, realizacj\u0119 kt\u00f3rego rozpocz\u0119to w po\u0142owie 2019 r. a jego czas realizacji obejmuje 36 miesi\u0119cy. Koordynatorem projektu jest IHP a Uniwersytet Zielonog\u00f3rski jest reprezentowany przez&nbsp;<a href=\"http:\/\/www.imei.uz.zgora.pl\/\">Instytut Metrologii, Elektroniki i Informatyki<\/a>&nbsp;oraz&nbsp;<a href=\"https:\/\/www.iis.uz.zgora.pl\/\">Instytut In\u017cynierii \u015arodowiska<\/a>.<\/p>\n\n\n\n<p>Celem projektu jest opracowanie transgranicznego, inteligentnego nieinwazyjnego systemu monitoringu wa\u0142\u00f3w przeciwpowodziowych oraz teren\u00f3w nadrzecznych, po obu stronach granicy, w obszarze S\u0142ubic i Frankfurtu nad Odr\u0105.<\/p>\n\n\n\n<p>Po\u0142o\u017cenie w dolinie Odry sprawia, \u017ce obszary S\u0142ubic i Frankfurtu s\u0105 cz\u0119sto nara\u017cone na powodzie i podtopienia. Proponowany system wczesnego ostrzegania przed zagro\u017ceniami ze strony rzeki, z jednej strony b\u0119dzie s\u0142u\u017cy\u0142 mieszka\u0144com, a z drugiej strony pomo\u017ce w ochronie \u015brodowiska. Obszary, na kt\u00f3rych ingerencja cz\u0142owieka jest ograniczona nielinearno\u015bci\u0105 zachowania \u015brodowiska, powinny by\u0107 monitorowane. Zachowanie przyrody w stanie zbli\u017conym do naturalnego oznacza swobod\u0119 dla rzeki a w konsekwencji jej nieprzewidywalno\u015b\u0107. Oznacza to konieczno\u015b\u0107 budowy nieinwazyjnych system\u00f3w wczesnego ostrzegania przed zbli\u017caj\u0105cymi si\u0119 zagro\u017ceniami. Z jednej strony pozwalaj\u0105 one na monitoring bez naruszania struktury wa\u0142\u00f3w, z drugiej strony prowadz\u0105 do znacznych oszcz\u0119dno\u015bciach oraz skr\u00f3cenia czasu interwencji.<\/p>\n\n\n\n<p>Z wiedzy realizator\u00f3w projektu wynika, \u017ce ma on charakter pionierski. Nie s\u0105 znane funkcjonuj\u0105ce na ternie Europy systemy, kt\u00f3re zapewnia\u0142yby sta\u0142y i nieinwazyjny monitoring stanu wa\u0142\u00f3w przeciwpowodziowych oraz teren\u00f3w nadrzecznych, maj\u0105cy z jednej strony na celu wsparcie ochrony przeciwpowodziowej dla miast, a z drugiej strony wspieraj\u0105cy ekosystem rzeczny i umo\u017cliwiaj\u0105cy bie\u017c\u0105ce monitorowanie rzeki, pe\u0142ni\u0105cej regulacyjn\u0105 us\u0142ug\u0119 ekosystemow\u0105.<\/p>\n\n\n\n<p>Proponowany system ma by\u0107 rozmieszczony po obu stronach granicy, na wybranych do cel\u00f3w testowych obszarach, jako cz\u0119\u015b\u0107 platformy dla Inteligentnego Dwumiasta, dzia\u0142aj\u0105cej w S\u0142ubicach i Frankfurcie nad Odr\u0105. Ten transgraniczny system ma by\u0107 dost\u0119pny odpowiednim s\u0142u\u017cbom z obydwu pa\u0144stw, co b\u0119dzie stanowi\u0107 wsparcie dla wsp\u00f3\u0142pracy jednostek samorz\u0105dowych oraz ratowniczych obu kraj\u00f3w.<\/p>\n\n\n\n<p>Zaproponowana w projekcie platforma komunikacyjna informuj\u0105ca o aktualnym stanie wa\u0142\u00f3w przeciwpowodziowych oraz teren\u00f3w nadrzecznych po obu stronach granicy, b\u0119dzie dost\u0119pna dla centr\u00f3w zarz\u0105dzania kryzysowego oraz innych zainteresowanych jednostek administracyjnych w obydwu miastach. Platforma umo\u017cliwi komunikacj\u0119 pomi\u0119dzy jej u\u017cytkownikami, pozwoli na szybkie i wsp\u00f3lne podejmowanie dzia\u0142a\u0144 w przypadku wykrycia niepokoj\u0105cych zjawisk, a w rezultacie zacie\u015bni wsp\u00f3\u0142prac\u0119 pomi\u0119dzy s\u0142u\u017cbami i jednostkami administracyjnymi z obydwu miast. Istotne dla przedsi\u0119wzi\u0119cia jest to, \u017ce Urz\u0119dy Miejskie S\u0142ubic i Frankfurtu nad Odr\u0105 wyrazi\u0142y poparcie dla projektu, a tak\u017ce wyrazi\u0142y ch\u0119\u0107 korzystania z systemu, kt\u00f3ry powstanie w ramach projektu.<\/p>\n\n\n\n<p>W dalszej perspektywie celem realizator\u00f3w projektu jest stworzenie Inteligentnego Dwumiasta na terenie S\u0142ubic i Frankfurtu nad Odr\u0105. Smart River ma by\u0107 elementem wi\u0119kszego projektu, a opracowana platforma komunikacyjna b\u0119dzie tworzy\u0142a baz\u0119 dla przysz\u0142ego Inteligentnego Dwumiasta. Wed\u0142ug naszej wiedzy nie ma w Europie Inteligentnego Miasta Transgranicznego, wi\u0119c nasz pomys\u0142 jest pod tym wzgl\u0119dem innowacyjny. Lokalizacja Dwumiasta (przy autostradzie, nad rzek\u0105, na granicy) daje szans\u0119 na realizacj\u0119 wielu inteligentnych subsystem\u00f3w, kt\u00f3re wsp\u00f3\u0142pracuj\u0105c ze sob\u0105 mog\u0105 stworzy\u0107 jeden du\u017cy system Inteligentnego Dwumiasta. Pierwszym z subsystem\u00f3w b\u0119dzie proponowany w projekcie Smart River system monitoringu wa\u0142\u00f3w i Nadodrza. Nasze rozwi\u0105zanie to projekt demonstracyjny \u2013 pilota\u017cowe Inteligentne Dwumiasto, przyk\u0142ad do prezentacji na arenie mi\u0119dzynarodowej, a Inteligentne Dwumiasto jest szans\u0105 na dalsz\u0105 integracj\u0119 teren\u00f3w nadgranicznych.<\/p>\n\n\n\n<p>Innym, wa\u017cnym celem projektu jest pog\u0142\u0119bienie wsp\u00f3\u0142pracy naukowej mi\u0119dzy Uniwersytetem Zielonog\u00f3rskim oraz Instytutem Badawczym IHP we Frankfurcie nad Odr\u0105. Prowadzona w ramach projektu wsp\u00f3\u0142praca jest szczeg\u00f3lnie ukierunkowana na usystematyzowanie prac zorientowanych na rozw\u00f3j technologii zwi\u0105zanych z algorytmami i rozwi\u0105zaniami z obszaru bezprzewodowych sieci sensor\u00f3w oraz Smart City. Wsp\u00f3lnie prowadzone badania pozwol\u0105 na zacie\u015bnienie dotychczasowej wsp\u00f3\u0142pracy i na wzajemn\u0105 wymian\u0119 do\u015bwiadcze\u0144. Kadra naukowa z obydwu o\u015brodk\u00f3w b\u0119dzie mia\u0142a mo\u017cliwo\u015b\u0107 zapoznania si\u0119 z trybem pracy badawczej swojego zagranicznego partnera, a studenci UZ b\u0119d\u0105 mieli mo\u017cliwo\u015b\u0107 uczestniczenia w badaniach poprzez odbywanie praktyk w IHP we Frankfurcie nad Odr\u0105.<\/p>\n\n\n\n<p><strong>Czas realizacji projektu:<\/strong><\/p>\n\n\n\n<p>01.07.2019 \u2013 30.06.2022<\/p>\n\n\n\n<p><br><strong>Realizatorzy projektu:<\/strong><\/p>\n\n\n\n<p><strong>Partner wiod\u0105cy projektu (PP1)<\/strong><\/p>\n\n\n\n<p>IHP GmbH &#8211; Leibniz-lnstitut f\u00fcr innovative Mikroelektronik (IHP)<\/p>\n\n\n\n<p>dr in\u017c. Krzysztof Piotrowski &#8211; kierownik projektu<br>mgr in\u017c. Krzysztof Turchan<br>mgr in\u017c. Przemys\u0142aw Zielony<br>mgr in\u017c. Igor Koropiecki<br>mgr in\u017c. Jakub Maj<\/p>\n\n\n\n<p><strong>Partner projektu (PP2)<\/strong><\/p>\n\n\n\n<p>Uniwersytet Zielonog\u00f3rski<\/p>\n\n\n\n<p>prof. dr hab. in\u017c. Ryszard Rybski &#8211; kierownik projektu<br>dr hab. in\u017c. Urszula Ko\u0142odziejczyk, prof. UZ<br>doc. dr in\u017c. Emil Michta<br>dr in\u017c. Jakub Kostecki<br>dr in\u017c. Piotr Powro\u017anik<br>dr in\u017c. Robert Szulim<br>mgr in\u017c. Norbert \u0141ukaniszyn<br>mgr in\u017c. \u0141ukasz Macioszek <\/p>\n\n\n\n<p><\/p>\n\n\n\n<p><\/p>\n","protected":false},"excerpt":{"rendered":"<p>O projekcie Transgraniczny projekt pod nazw\u0105 Smart River \u2013 Inteligentne Nadodrze jest realizowany wsp\u00f3lnie przez instytut&nbsp;IHP \u2013 Instytut Leibniza dla Innowacyjnej Mikroelektroniki z Frankfurtu nad Odr\u0105&nbsp;oraz Uniwersytet Zielonog\u00f3rski w ramach&nbsp;Programu Wsp\u00f3\u0142pracy INTERREG VA Brandenburgia-Polska. Konkurs zosta\u0142 rozstrzygni\u0119ty w ostatnich dniach lutego 2019 r. Decyzj\u0105 Komitetu Monitoruj\u0105cego projekt otrzyma\u0142 dofinansowanie w wysoko\u015bci nieco ponad 1,1 mln &hellip; <a href=\"http:\/\/www.smartriver.uz.zgora.pl\/?page_id=11\" class=\"more-link\">Czytaj dalej <span class=\"screen-reader-text\">O projekcie pl<\/span><\/a><\/p>\n","protected":false},"author":1,"featured_media":0,"parent":0,"menu_order":0,"comment_status":"closed","ping_status":"closed","template":"","meta":[],"_links":{"self":[{"href":"http:\/\/www.smartriver.uz.zgora.pl\/index.php?rest_route=\/wp\/v2\/pages\/11"}],"collection":[{"href":"http:\/\/www.smartriver.uz.zgora.pl\/index.php?rest_route=\/wp\/v2\/pages"}],"about":[{"href":"http:\/\/www.smartriver.uz.zgora.pl\/index.php?rest_route=\/wp\/v2\/types\/page"}],"author":[{"embeddable":true,"href":"http:\/\/www.smartriver.uz.zgora.pl\/index.php?rest_route=\/wp\/v2\/users\/1"}],"replies":[{"embeddable":true,"href":"http:\/\/www.smartriver.uz.zgora.pl\/index.php?rest_route=%2Fwp%2Fv2%2Fcomments&post=11"}],"version-history":[{"count":9,"href":"http:\/\/www.smartriver.uz.zgora.pl\/index.php?rest_route=\/wp\/v2\/pages\/11\/revisions"}],"predecessor-version":[{"id":565,"href":"http:\/\/www.smartriver.uz.zgora.pl\/index.php?rest_route=\/wp\/v2\/pages\/11\/revisions\/565"}],"wp:attachment":[{"href":"http:\/\/www.smartriver.uz.zgora.pl\/index.php?rest_route=%2Fwp%2Fv2%2Fmedia&parent=11"}],"curies":[{"name":"wp","href":"https:\/\/api.w.org\/{rel}","templated":true}]}}