{"id":10,"date":"2020-02-13T10:19:46","date_gmt":"2020-02-13T09:19:46","guid":{"rendered":"http:\/\/www.smartriver.imei.uz.zgora.pl\/?page_id=10"},"modified":"2023-03-13T11:47:47","modified_gmt":"2023-03-13T10:47:47","slug":"kontak","status":"publish","type":"page","link":"http:\/\/www.smartriver.uz.zgora.pl\/?page_id=10","title":{"rendered":"Kontakt pl"},"content":{"rendered":"\n<figure class=\"wp-block-image size-large\"><img loading=\"lazy\" width=\"1024\" height=\"222\" src=\"http:\/\/www.smartriver.uz.zgora.pl\/wp-content\/uploads\/2021\/01\/intereg-1024x222.png\" alt=\"\" class=\"wp-image-144\" srcset=\"http:\/\/www.smartriver.uz.zgora.pl\/wp-content\/uploads\/2021\/01\/intereg-1024x222.png 1024w, http:\/\/www.smartriver.uz.zgora.pl\/wp-content\/uploads\/2021\/01\/intereg-300x65.png 300w, http:\/\/www.smartriver.uz.zgora.pl\/wp-content\/uploads\/2021\/01\/intereg-768x167.png 768w, http:\/\/www.smartriver.uz.zgora.pl\/wp-content\/uploads\/2021\/01\/intereg.png 1042w\" sizes=\"(max-width: 1024px) 100vw, 1024px\" \/><\/figure>\n\n\n\n<h2>Kontakt<\/h2>\n\n\n\n<p><strong><em>Dr.-Ing. Krzysztof Piotrowski<\/em><\/strong><\/p>\n\n\n\n<p>IHP GmbH Innovations for High Performance Microelectronics Leibniz &#8211; Institut f\u00fcr innovative Mikroelektronik <\/p>\n\n\n\n<p>Im Technologiepark 25, 15236 Frankfurt (Oder) <\/p>\n\n\n\n<p>Telefon: +49 335 5625 756 <\/p>\n\n\n\n<p>E-Mail: piotrowski@ihp-microelectronics.com<\/p>\n\n\n\n<p><strong><em>Prof. dr hab. in\u017c. Ryszard Rybski<\/em><\/strong><\/p>\n\n\n\n<p>Uniwersytet Zielonog\u00f3rski, Instytut Metrologii, Elektroniki i Informatyki<\/p>\n\n\n\n<p>ul. prof. Z. Szafrana 2 65-516 Zielona G\u00f3ra <\/p>\n\n\n\n<p>Telefon: +48 68 3282222 <\/p>\n\n\n\n<p>E-mail: R.Rybski@imei.uz.zgora.pl<\/p>\n","protected":false},"excerpt":{"rendered":"<p>Kontakt Dr.-Ing. Krzysztof Piotrowski IHP GmbH Innovations for High Performance Microelectronics Leibniz &#8211; Institut f\u00fcr innovative Mikroelektronik Im Technologiepark 25, 15236 Frankfurt (Oder) Telefon: +49 335 5625 756 E-Mail: piotrowski@ihp-microelectronics.com Prof. dr hab. in\u017c. Ryszard Rybski Uniwersytet Zielonog\u00f3rski, Instytut Metrologii, Elektroniki i Informatyki ul. prof. Z. Szafrana 2 65-516 Zielona G\u00f3ra Telefon: +48 68 3282222 &hellip; <a href=\"http:\/\/www.smartriver.uz.zgora.pl\/?page_id=10\" class=\"more-link\">Czytaj dalej <span class=\"screen-reader-text\">Kontakt pl<\/span><\/a><\/p>\n","protected":false},"author":1,"featured_media":0,"parent":0,"menu_order":0,"comment_status":"closed","ping_status":"closed","template":"","meta":[],"_links":{"self":[{"href":"http:\/\/www.smartriver.uz.zgora.pl\/index.php?rest_route=\/wp\/v2\/pages\/10"}],"collection":[{"href":"http:\/\/www.smartriver.uz.zgora.pl\/index.php?rest_route=\/wp\/v2\/pages"}],"about":[{"href":"http:\/\/www.smartriver.uz.zgora.pl\/index.php?rest_route=\/wp\/v2\/types\/page"}],"author":[{"embeddable":true,"href":"http:\/\/www.smartriver.uz.zgora.pl\/index.php?rest_route=\/wp\/v2\/users\/1"}],"replies":[{"embeddable":true,"href":"http:\/\/www.smartriver.uz.zgora.pl\/index.php?rest_route=%2Fwp%2Fv2%2Fcomments&post=10"}],"version-history":[{"count":12,"href":"http:\/\/www.smartriver.uz.zgora.pl\/index.php?rest_route=\/wp\/v2\/pages\/10\/revisions"}],"predecessor-version":[{"id":564,"href":"http:\/\/www.smartriver.uz.zgora.pl\/index.php?rest_route=\/wp\/v2\/pages\/10\/revisions\/564"}],"wp:attachment":[{"href":"http:\/\/www.smartriver.uz.zgora.pl\/index.php?rest_route=%2Fwp%2Fv2%2Fmedia&parent=10"}],"curies":[{"name":"wp","href":"https:\/\/api.w.org\/{rel}","templated":true}]}}